{"id":4133,"date":"2020-03-16T10:03:13","date_gmt":"2020-03-16T09:03:13","guid":{"rendered":"https:\/\/rubencabeza.com\/?page_id=4133"},"modified":"2021-05-26T14:36:19","modified_gmt":"2021-05-26T12:36:19","slug":"videos","status":"publish","type":"page","link":"https:\/\/rubencabeza.com\/en\/videos\/","title":{"rendered":"V\u00eddeos"},"content":{"rendered":"<p>[vc_row][vc_column css=&#8221;.vc_custom_1585213843838{padding-top: 80px !important;}&#8221;][vc_column_text]En esta secci\u00f3n queremos animarte a que veas los v\u00eddeos que hemos publicado en nuestro canal de Youtube donde profundizamos en algunos conceptos importantes, ense\u00f1amos a hacer algunos ejercicios interesantes y seguro que hay cosas de tu inter\u00e9s. Si todav\u00eda no est\u00e1s suscrito a nuestro canal de youtube puedes hacerlo y si te suscribes a nuestra newsletter ser\u00e1s el primero en enterarte cuando publiquemos uno nuevo.<\/p>\n<p>Espero que lo disfrutes.[\/vc_column_text][\/vc_column][\/vc_row][vc_row enable_content_animation=&#8221;yes&#8221; ca_init_scale_x=&#8221;1&#8243; ca_init_scale_y=&#8221;1&#8243; ca_init_scale_z=&#8221;1&#8243; ca_init_opacity=&#8221;0&#8243; ca_an_scale_x=&#8221;1&#8243; ca_an_scale_y=&#8221;1&#8243; ca_an_scale_z=&#8221;1&#8243; ca_an_opacity=&#8221;1&#8243; ca_duration=&#8221;1200&#8243; ca_delay=&#8221;160&#8243; ca_init_translate_x=&#8221;-37&#8243; css=&#8221;.vc_custom_1584696832361{margin-top: 60px !important;}&#8221;][vc_column width=&#8221;1\/2&#8243;][vc_video link=&#8221;https:\/\/www.youtube.com\/watch?v=2J99XcezDTI&amp;t=2s&#8221;][\/vc_column][\/vc_row][vc_row enable_content_animation=&#8221;yes&#8221; ca_init_scale_x=&#8221;1&#8243; ca_init_scale_y=&#8221;1&#8243; ca_init_scale_z=&#8221;1&#8243; ca_init_opacity=&#8221;0&#8243; ca_an_scale_x=&#8221;1&#8243; ca_an_scale_y=&#8221;1&#8243; ca_an_scale_z=&#8221;1&#8243; ca_an_opacity=&#8221;1&#8243; ca_duration=&#8221;1200&#8243; ca_delay=&#8221;160&#8243; ca_init_translate_x=&#8221;-37&#8243; css=&#8221;.vc_custom_1584696832361{margin-top: 60px !important;}&#8221;][vc_column width=&#8221;1\/2&#8243;][vc_video link=&#8221;https:\/\/www.youtube.com\/watch?v=t3aUO9qkfZA&amp;t=1s&#8221;][\/vc_column][vc_column width=&#8221;1\/2&#8243;][vc_video link=&#8221;https:\/\/www.youtube.com\/watch?v=UhN0DDraLkc&amp;t=3s&#8221;][\/vc_column][\/vc_row][vc_row enable_content_animation=&#8221;yes&#8221; ca_init_scale_x=&#8221;1&#8243; ca_init_scale_y=&#8221;1&#8243; ca_init_scale_z=&#8221;1&#8243; ca_init_opacity=&#8221;0&#8243; ca_an_scale_x=&#8221;1&#8243; ca_an_scale_y=&#8221;1&#8243; ca_an_scale_z=&#8221;1&#8243; ca_an_opacity=&#8221;1&#8243; ca_duration=&#8221;1200&#8243; ca_delay=&#8221;160&#8243; ca_init_translate_x=&#8221;-37&#8243; css=&#8221;.vc_custom_1584696832361{margin-top: 60px !important;}&#8221;][vc_column width=&#8221;1\/2&#8243;][vc_video link=&#8221;https:\/\/youtu.be\/iB5ipIIoa38&#8243;][\/vc_column][vc_column width=&#8221;1\/2&#8243;][vc_video link=&#8221;https:\/\/youtu.be\/HqcGXyL0HR4&#8243;][\/vc_column][\/vc_row][vc_row enable_content_animation=&#8221;yes&#8221; ca_init_scale_x=&#8221;1&#8243; ca_init_scale_y=&#8221;1&#8243; ca_init_scale_z=&#8221;1&#8243; ca_init_opacity=&#8221;0&#8243; ca_an_scale_x=&#8221;1&#8243; ca_an_scale_y=&#8221;1&#8243; ca_an_scale_z=&#8221;1&#8243; ca_an_opacity=&#8221;1&#8243; ca_duration=&#8221;1200&#8243; ca_delay=&#8221;160&#8243; ca_init_translate_x=&#8221;-37&#8243;][vc_column width=&#8221;1\/2&#8243;][vc_video link=&#8221;https:\/\/youtu.be\/C4-q-PXTVB4&#8243;][\/vc_column][vc_column width=&#8221;1\/2&#8243;][vc_video link=&#8221;https:\/\/youtu.be\/S_8sAjIhXoE&#8221;][\/vc_column][\/vc_row][vc_row enable_content_animation=&#8221;yes&#8221; ca_init_scale_x=&#8221;1&#8243; ca_init_scale_y=&#8221;1&#8243; ca_init_scale_z=&#8221;1&#8243; ca_init_opacity=&#8221;0&#8243; ca_an_scale_x=&#8221;1&#8243; ca_an_scale_y=&#8221;1&#8243; ca_an_scale_z=&#8221;1&#8243; ca_an_opacity=&#8221;1&#8243; ca_duration=&#8221;1200&#8243; ca_delay=&#8221;160&#8243; ca_init_translate_x=&#8221;-37&#8243;][vc_column width=&#8221;1\/2&#8243;][vc_video link=&#8221;https:\/\/youtu.be\/auaQ2gXBOSM&#8221;][\/vc_column][vc_column width=&#8221;1\/2&#8243;][vc_video link=&#8221;https:\/\/youtu.be\/ZPTiFRCbYhE&#8221;][\/vc_column][\/vc_row][vc_row css=&#8221;.vc_custom_1585480722952{padding-top: 80px !important;padding-bottom: 80px !important;}&#8221;][vc_column css=&#8221;.vc_custom_1585687768765{padding-top: 30px !important;padding-bottom: 80px !important;}&#8221;]<a href=\"https:\/\/www.youtube.com\/channel\/UCp2pOFlk67ZfgvuPpEs11jQ\" target=\"_blank\" class=\"btn btn-solid btn-bordered border-thin ld_button_69fbe34680012\">\n\t<span>\n\t\t\n\t\t\t\t\t<span class=\"btn-txt\">SUSCR\u00cdBETE A NUESTRO CANAL DE YOUTUBE<\/span>\n\t\t\t\n\t\t\t\t<\/span>\n<\/a>\n[vc_column_text][\/vc_column_text][\/vc_column][\/vc_row]<\/p>\n","protected":false},"excerpt":{"rendered":"<p>[vc_row][vc_column css=&#8221;.vc_custom_1585213843838{padding-top: 80px !important;}&#8221;][vc_column_text]En esta secci\u00f3n queremos animarte a que veas los v\u00eddeos que hemos publicado en nuestro canal de Youtube donde profundizamos en algunos conceptos importantes, ense\u00f1amos a hacer algunos ejercicios interesantes y seguro que hay cosas de tu inter\u00e9s. Si todav\u00eda no est\u00e1s suscrito a nuestro canal de youtube puedes hacerlo y si [&hellip;]<\/p>\n","protected":false},"author":1,"featured_media":0,"parent":0,"menu_order":0,"comment_status":"closed","ping_status":"closed","template":"","meta":[],"_links":{"self":[{"href":"https:\/\/rubencabeza.com\/en\/wp-json\/wp\/v2\/pages\/4133"}],"collection":[{"href":"https:\/\/rubencabeza.com\/en\/wp-json\/wp\/v2\/pages"}],"about":[{"href":"https:\/\/rubencabeza.com\/en\/wp-json\/wp\/v2\/types\/page"}],"author":[{"embeddable":true,"href":"https:\/\/rubencabeza.com\/en\/wp-json\/wp\/v2\/users\/1"}],"replies":[{"embeddable":true,"href":"https:\/\/rubencabeza.com\/en\/wp-json\/wp\/v2\/comments?post=4133"}],"version-history":[{"count":21,"href":"https:\/\/rubencabeza.com\/en\/wp-json\/wp\/v2\/pages\/4133\/revisions"}],"predecessor-version":[{"id":5105,"href":"https:\/\/rubencabeza.com\/en\/wp-json\/wp\/v2\/pages\/4133\/revisions\/5105"}],"wp:attachment":[{"href":"https:\/\/rubencabeza.com\/en\/wp-json\/wp\/v2\/media?parent=4133"}],"curies":[{"name":"wp","href":"https:\/\/api.w.org\/{rel}","templated":true}]}}