{"id":4131,"date":"2020-03-16T10:02:28","date_gmt":"2020-03-16T09:02:28","guid":{"rendered":"https:\/\/rubencabeza.com\/?page_id=4131"},"modified":"2020-05-23T22:16:02","modified_gmt":"2020-05-23T20:16:02","slug":"filosofia-de-trabajo","status":"publish","type":"page","link":"https:\/\/rubencabeza.com\/en\/filosofia-de-trabajo\/","title":{"rendered":"Filosof\u00eda de trabajo"},"content":{"rendered":"<p>[vc_row css=&#8221;.vc_custom_1590054686508{padding-top: 80px !important;padding-bottom: 80px !important;}&#8221;][vc_column width=&#8221;1\/2&#8243; css=&#8221;.vc_custom_1585777164612{padding-top: 0px !important;padding-bottom: 30px !important;}&#8221;][vc_column_text css=&#8221;.vc_custom_1590179684022{padding-top: 0px !important;padding-bottom: 40px !important;}&#8221;]<\/p>\n<h3><strong>\u00a1Estar sano mola mucho m\u00e1s!<\/strong><br \/>\nCon esta frase quiero resumir mi manera de entender la salud y de c\u00f3mo trabajo en la consulta.<\/h3>\n<p>Estamos acostumbrados a recibir una clase de atenci\u00f3n sanitaria que, siendo necesaria y \u00fatil en muchos casos, se muestra, a menudo, insuficiente tanto en aspectos t\u00e9cnicos como humanos.<\/p>\n<p>Te ofrezco una consulta profesional y humana, en la que te sientas c\u00f3modo para manifestarte como eres. Una consulta en la que siempre est\u00e9s acompa\u00f1ado en tu proceso de recuperar la salud; en la que entiendas, con un lenguaje sencillo, qu\u00e9 te est\u00e1 sucediendo y puedas aprender y poner en pr\u00e1ctica el concepto de \u201cSalud Activa\u201d.<\/p>\n<div class=\"content_block\">\n<div class=\"wraper\">\n<div class=\"texto\">\n<p><strong>\u201cSalud Activa\u201d<\/strong>\u00a0significa que comprendas c\u00f3mo todos los aspectos que forman parte de tu vida (alimentaci\u00f3n, actividad f\u00edsica, pensamientos, preocupaciones, ilusiones, motivaciones, etc.) tienen una repercusi\u00f3n a todos los niveles en tu organismo; que entiendas c\u00f3mo tu cuerpo se comunica con tu mente por medio de la enfermedad, de los s\u00edntomas, de las sensaciones y sentimientos. Es el lenguaje que tiene tu organismo para decirte que algo va mal y hay que cambiarlo.<\/p>\n<p><strong><em>La enfermedad<\/em>\u00a0es<\/strong> el intento del cuerpo por mantener, a toda costa, la supervivencia. Es necesario comprender que la enfermedad es algo bueno y que gracias a ella seguimos vivos; gracias a ella nos interesamos por cambiar y mejorar nuestra situaci\u00f3n.<\/p>\n<\/div>\n<\/div>\n<\/div>\n<div class=\"social_block\">\n<div class=\"wraper\"><\/div>\n<\/div>\n<p>[\/vc_column_text]<a href=\"https:\/\/rubencabeza.com\/para-quien\/\" title=\"Para qui\u00e9n\" class=\"btn btn-solid btn-bordered border-thin ld_button_69d64c7ae512d vc_custom_1590185699531\">\n\t<span>\n\t\t\n\t\t\t\t\t<span class=\"btn-txt\">\u00bfA QUI\u00c9N VA DIRIGIDO LA CONSULTA?<\/span>\n\t\t\t\n\t\t\t\t<\/span>\n<\/a>\n[\/vc_column][vc_column width=&#8221;1\/2&#8243;][vc_column_text css=&#8221;.vc_custom_1590179757656{padding-top: 0px !important;}&#8221;]Salud Activa tambi\u00e9n implica que incorpores esos cambios necesarios en tu vida. Para cambiar hay que estar activo, yo como terapeuta y t\u00fa como persona que quiere recuperar la salud. Si no est\u00e1s dispuesto a cambiar determinados h\u00e1bitos (nutricionales, f\u00edsicos, psicol\u00f3gicos) el esfuerzo del profesional de la salud ser\u00e1 siempre insuficiente para obtener el mejor resultado.<\/p>\n<blockquote>\n<h3><strong>\u201cSi alguien busca la salud, preg\u00fantale si est\u00e1 dispuesto a evitar en el futuro las causas de la enfermedad\u201d (S\u00f3crates).<\/strong><\/h3>\n<\/blockquote>\n<p>Para ello te enriquecer\u00e1s de los beneficios de la uni\u00f3n de diferentes terapias, como son\u00a0la Osteopat\u00eda, la Medicina Tradicional China y las Terapias Energ\u00e9ticas PH y PHE. Cada una contribuye a mejorar diferentes aspectos de tu cuerpo, de tu organismo y de tu vida.<\/p>\n<p>Puedes venir a la consulta siempre que quieras mejorar tu salud\u00a0cualquiera que sea la causa. Deja atr\u00e1s la resignaci\u00f3n y el pensamiento de que hay cosas que son as\u00ed para siempre y que no se puede hacer m\u00e1s para mejorarlas. Esto es producto de nuestra educaci\u00f3n con respecto a la salud.<\/p>\n<p><strong>IMPORTANTE SI EST\u00c1S RECIBIENDO UN TRATAMIENTO M\u00c9DICO.<\/strong><\/p>\n<p>Si est\u00e1s recibiendo un tratamiento m\u00e9dico, colaboraremos con \u00e9l para que tu salud mejore todav\u00eda m\u00e1s. Y si, en un momento dado, observamos que necesitamos el apoyo de cualquier otro profesional sanitario, as\u00ed lo haremos. Entendemos que es necesario incorporar todo lo que sea beneficioso para que mejore tu salud.[\/vc_column_text][\/vc_column][\/vc_row][vc_row][vc_column css=&#8221;.vc_custom_1585777196507{padding-top: 0px !important;}&#8221;][vc_single_image image=&#8221;4532&#8243; img_size=&#8221;full&#8221; css=&#8221;.vc_custom_1590179624023{padding-top: 20px !important;padding-bottom: 40px !important;}&#8221;][\/vc_column][\/vc_row]<\/p>\n","protected":false},"excerpt":{"rendered":"<p>[vc_row css=&#8221;.vc_custom_1590054686508{padding-top: 80px !important;padding-bottom: 80px !important;}&#8221;][vc_column width=&#8221;1\/2&#8243; css=&#8221;.vc_custom_1585777164612{padding-top: 0px !important;padding-bottom: 30px !important;}&#8221;][vc_column_text css=&#8221;.vc_custom_1590179684022{padding-top: 0px !important;padding-bottom: 40px !important;}&#8221;] \u00a1Estar sano mola mucho m\u00e1s! Con esta frase quiero resumir mi manera de entender la salud y de c\u00f3mo trabajo en la consulta. Estamos acostumbrados a recibir una clase de atenci\u00f3n sanitaria que, siendo necesaria y \u00fatil en [&hellip;]<\/p>\n","protected":false},"author":1,"featured_media":0,"parent":0,"menu_order":0,"comment_status":"closed","ping_status":"closed","template":"","meta":[],"_links":{"self":[{"href":"https:\/\/rubencabeza.com\/en\/wp-json\/wp\/v2\/pages\/4131"}],"collection":[{"href":"https:\/\/rubencabeza.com\/en\/wp-json\/wp\/v2\/pages"}],"about":[{"href":"https:\/\/rubencabeza.com\/en\/wp-json\/wp\/v2\/types\/page"}],"author":[{"embeddable":true,"href":"https:\/\/rubencabeza.com\/en\/wp-json\/wp\/v2\/users\/1"}],"replies":[{"embeddable":true,"href":"https:\/\/rubencabeza.com\/en\/wp-json\/wp\/v2\/comments?post=4131"}],"version-history":[{"count":37,"href":"https:\/\/rubencabeza.com\/en\/wp-json\/wp\/v2\/pages\/4131\/revisions"}],"predecessor-version":[{"id":5015,"href":"https:\/\/rubencabeza.com\/en\/wp-json\/wp\/v2\/pages\/4131\/revisions\/5015"}],"wp:attachment":[{"href":"https:\/\/rubencabeza.com\/en\/wp-json\/wp\/v2\/media?parent=4131"}],"curies":[{"name":"wp","href":"https:\/\/api.w.org\/{rel}","templated":true}]}}