{"id":4114,"date":"2020-03-16T09:51:25","date_gmt":"2020-03-16T08:51:25","guid":{"rendered":"https:\/\/rubencabeza.com\/?page_id=4114"},"modified":"2020-05-23T00:10:12","modified_gmt":"2020-05-22T22:10:12","slug":"biocuantica","status":"publish","type":"page","link":"https:\/\/rubencabeza.com\/en\/terapias\/biocuantica\/","title":{"rendered":"Biocu\u00e1ntica Original"},"content":{"rendered":"<p>[vc_row css=&#8221;.vc_custom_1533200633779{padding-top: 80px !important;padding-bottom: 80px !important;}&#8221;][vc_column css=&#8221;.vc_custom_1585665333271{padding-bottom: 80px !important;}&#8221;]<style>.ld_tabs_69e1a04792dad .tabs-nav > li.active > a, .ld_tabs_69e1a04792dad .tabs-nav > li:hover > a{color:rgb(14, 48, 93);}<\/style><div class=\"tabs tabs-nav-centered tabs-nav-underlined tabs-nav-active-underlined tabs-nav-lg ld_tabs_69e1a04792dad\" >\n\t<ul class=\"nav tabs-nav\" role=\"tablist\"><li role=\"presentation\" class=\"font-weight-semibold active\"><a href=\"#1533200317764-ac74f373-16fd\" aria-expanded=\"false\" aria-controls=\"1533200317764-ac74f373-16fd\" role=\"tab\" data-toggle=\"tab\">\u00bfQu\u00e9 es la Biocu\u00e1ntica Original?<\/a><\/li><li role=\"presentation\" class=\"font-weight-semibold\"><a href=\"#ld-1540892380633-ac11e805-d3a4\" aria-expanded=\"false\" aria-controls=\"ld-1540892380633-ac11e805-d3a4\" role=\"tab\" data-toggle=\"tab\">Beneficios<\/a><\/li><li role=\"presentation\" class=\"font-weight-semibold\"><a href=\"#ld-1540892380298-e81a8c40-36e8\" aria-expanded=\"false\" aria-controls=\"ld-1540892380298-e81a8c40-36e8\" role=\"tab\" data-toggle=\"tab\">Investigaciones y opiniones<\/a><\/li><li role=\"presentation\" class=\"font-weight-semibold\"><a href=\"#1587763296618-2c85ce82-1402\" aria-expanded=\"false\" aria-controls=\"1587763296618-2c85ce82-1402\" role=\"tab\" data-toggle=\"tab\">C\u00f3mo es una sesi\u00f3n<\/a><\/li><li role=\"presentation\" class=\"font-weight-semibold\"><a href=\"#1587763717555-899ab5d3-a1dd\" aria-expanded=\"false\" aria-controls=\"1587763717555-899ab5d3-a1dd\" role=\"tab\" data-toggle=\"tab\">Un poco de historia...<\/a><\/li><\/ul>\t<div class=\"tabs-content\"><div id=\"1533200317764-ac74f373-16fd\" role=\"tabpanel\" class=\"tabs-pane fade active in\"><p>[vc_column_text]<\/p>\n<p class=\"p1\"><span class=\"s1\">En la actualidad vivimos en una \u00e9poca en la que coexisten multitud de opciones en el cuidado de la salud cuyo objetivo es aportar una ayuda y un valor a las personas. El enfoque y herramientas de cada una de ellas determina todo ello.<\/span><\/p>\n<p class=\"p3\"><em><span class=\"s1\">\u00bfPor qu\u00e9 resulta necesario tener en cuenta los aportes que realiza la Biocu\u00e1ntica Original (B.O.) si hay tantos m\u00e9todos, muchos de ellos con muy buenos resultados, que parece que ya no tenemos tiempo y, a veces, ni ganas para otro m\u00e1s?<\/span><\/em><\/p>\n<p class=\"p1\"><span class=\"s1\"><b>PORQUE NO ES OTRA T\u00c9CNICA M\u00c1S.<\/b><\/span><\/p>\n<p class=\"p1\"><span class=\"s1\">La Biocu\u00e1ntica Original <strong>es una t\u00e9cnica con una visi\u00f3n hol\u00edstica del ser humano que utiliza la Bio Informaci\u00f3n, aspectos de la f\u00edsica cu\u00e1ntica y de la energ\u00e9tica tradicional y de vanguardia para ayudarle en su salud, emoci\u00f3n, capacidades sensitivas, percepci\u00f3n, cognici\u00f3n, vinculaci\u00f3n y creatividad mediante par\u00e1metros emp\u00edricos y minuciosamente contrastados.<\/strong><\/span><\/p>\n<p class=\"p2\"><span class=\"s1\">El investigador Marcel Vega descubri\u00f3 y contin\u00faa dirigiendo el desarrollo de la B.O. Lleva m\u00e1s de 40 a\u00f1os trabajando e investigando en energ\u00e9tica tradicional y de vanguardia y evoluci\u00f3n personal. Desde el 2010 investiga en los 5 continentes y forma a m\u00e9dicos de m\u00e1s de 30 nacionalidades. Da cursos en California, USA, en el prestigioso IONS Scientific Institut en Petaluma, San Francisco y en la Five Branches University de Silicon Valley, y en los \u00c1ngeles; as\u00ed como en Berl\u00edn Alemania, Viena Austria, Cluj-Napoca Ruman\u00eda, Buenos Aires Argentina, Punta Este Uruguay, M\u00e9xico y en Barcelona y Madrid en Espa\u00f1a. Colabora con catedr\u00e1ticos de medicina y f\u00edsica, y desde hace a\u00f1os con prestigiosos neur\u00f3logos de Par\u00eds y f\u00edsicos de vanguardia internacional.<\/span><\/p>\n<p class=\"p4\"><span class=\"s1\"><b>\u00bfEn qu\u00e9 se diferencia la B.O. de los dem\u00e1s enfoques aplicados a la salud?<\/b><\/span><\/p>\n<p class=\"p1\"><span class=\"s1\">La B.O. se fundamenta en el descubrimiento de un nuevo aspecto o territorio de la naturaleza y del ser humano llamado lo \u201cBio Informativo\u201d formado, entre otras, por estructuras como el Cuerpo Cu\u00e1ntico y el Paramorfograma.<\/span><\/p>\n<p class=\"p1\"><span class=\"s1\">\u00a0<\/span><span class=\"s1\">Esta dimensi\u00f3n descubierta hace poco m\u00e1s de 10 a\u00f1os y que est\u00e1 m\u00e1s all\u00e1 de la materia o energ\u00eda, posibilita que la naturaleza y el organismo humano se sostenga y mantenga un orden en la estructura y funci\u00f3n.<\/span><\/p>\n<p>[\/vc_column_text]<\/p>\n<\/div><div id=\"ld-1540892380633-ac11e805-d3a4\" role=\"tabpanel\" class=\"tabs-pane fade\"><p>[vc_column_text]<\/p>\n<p class=\"p1\"><span class=\"s1\"><b>OPTIMIZA<\/b> el organismo en su funcionamiento <\/span><span class=\"s1\">y nos permite modificar la construcci\u00f3n que nos <\/span><span class=\"s1\">hacemos de nuestra vida emocional, mental y en <\/span><span class=\"s1\">las relaciones con nosotros mismos y con los dem\u00e1s. <\/span><\/p>\n<p class=\"p1\"><span class=\"s1\"><b>RESULTADOS SIGNIFICATIVOS<\/b> en bioqu\u00edmica org\u00e1nica, procesos neurol\u00f3gicos y gen\u00e9ticos.<\/span><\/p>\n<p class=\"p1\"><span class=\"s1\"><b>ARMONIZA<\/b>: logra que elementos de una reacci\u00f3n qu\u00edmica, de la fabricaci\u00f3n de una hormona o del movimiento de una articulaci\u00f3n por ejemplo, ocupen su lugar correcto logrando el \u00e9xito en la funci\u00f3n. Compruebe c\u00f3mo la BO logra cambios decisivos en la qu\u00edmica del organismo, armonizando procesos metab\u00f3licos complejos.<\/span><\/p>\n<p class=\"p1\"><span class=\"s1\"><b>ORGANIZA<\/b> entramados submoleculares org\u00e1nicos donde no llega la medicaci\u00f3n, la m\u00e9dula espinal y sus reflejos, las articulaciones, el Cuerpo Energ\u00e9tico con sus \u201coctavas inferiores\u201d (Meridianos de Acupuntura y Chakras del Ayurveda) y sus \u201coctavas superiores\u201d. Confirme la diferencia de trabajar por separado el electromagnetismo y las energ\u00edas de las medicinas milenarias bioenerg\u00e9ticas a trabajarlo todo en un todo \u00fanico holosincronizado.<\/span><\/p>\n<p class=\"p1\"><span class=\"s1\"><b>SUPERVISA Y ELEVA LA VITALIDAD<\/b> de la Corteza Frontal del cerebro reforzando la concentraci\u00f3n, la atenci\u00f3n, el cambio, las decisiones y los objetivos. Armoniza el flujo i\u00f3nico en el Sistema Nervioso Central. Potencia y refuerza la memoria y la previene y la recupera de ciertas disfunciones. <\/span><\/p>\n<p class=\"p1\"><span class=\"s1\"><b>OPTIMIZA<\/b> el orden mental, lo emocional y la comprensi\u00f3n necesaria sobre c\u00f3mo nos genera<span class=\"Apple-converted-space\">\u00a0 <\/span>mos cada espec\u00edfico desorden\u2026 y as\u00ed poder sostener los avances y dar la posibilidad de un pensar, sentir y actuar fluido, directo y consecuente. Act\u00faa en la relaci\u00f3n del subconsciente con la consciencia.<\/span><\/p>\n<p class=\"p1\"><span class=\"s1\"><b>TRANSFORMA<\/b> la fuerza de tensi\u00f3n del estr\u00e9s en vitalidad, restableciendo o recuperando de las disfunciones causadas por el estr\u00e9s, la angustia, la ansiedad y los shocks y armonizando la relaci\u00f3n qu\u00edmica-emocional.<\/span><\/p>\n<p class=\"p3\"><span class=\"s1\"><b>REVITALIZA<\/b> y <b>LIBERA<\/b> al organismo de la cronicidad.<\/span><\/p>\n<p class=\"p1\"><span class=\"s1\"><b>REVISA EL MAPA DE LA TEMPORALIDAD DEL SUJETO<\/b> hallando el Cu\u00e1ndo, el C\u00f3mo, el Con Qui\u00e9n y el Por Qu\u00e9 de la falta de bienestar aportando las claves que se necesitan para protagonizar la salud. <b>Sorpr\u00e9ndase ante esta nueva herramienta reci\u00e9n salida del laboratorio de la BO y que denominamos \u201cEl Mapa de la Temporalidad\u201d.<\/b> Con este mapa usted acceder\u00e1 a demostraciones emp\u00edricas sobre c\u00f3mo ciertos acontecimientos del pasado de la vida de las personas son decisivos hoy en su estado de salud. Incorpore a su cl\u00ednica pr\u00e1cticas accesibles sobre c\u00f3mo usar el Mapa de la Temporalidad en sesi\u00f3n para averiguar en qu\u00e9 a\u00f1o se produjo el malestar y comprender las circunstancias o entorno de la causa y orientar en la soluci\u00f3n.<\/span><\/p>\n<p class=\"p1\"><span class=\"s1\"><b>INTEGRAR ETAPAS:<\/b> al aumentar la salud pasas etapas que la B.O. te ayuda a integrar.<\/span><\/p>\n<p class=\"p1\"><span class=\"s1\"><b>CREATIVIDAD<\/b>: artistas internacionales vienen a la B.O. a transformar el estr\u00e9s y las crisis de creatividad d\u00e1ndoles un impulso a su labor.<\/span><\/p>\n<p>[\/vc_column_text]<\/p>\n<\/div><div id=\"ld-1540892380298-e81a8c40-36e8\" role=\"tabpanel\" class=\"tabs-pane fade\"><p>[vc_column_text]<\/p>\n<p class=\"p1\"><span class=\"s1\">\u2022 EE.UU. En el Instituto IONS con expertos en evaluaci\u00f3n de terapias y nuevas modalidades de ayuda con complejas tecnolog\u00edas no usuales. En California en cl\u00ednicas particulares de San Francisco, Silicon Valley y Los \u00c1ngeles.<\/span><\/p>\n<p class=\"p1\"><span class=\"s1\">\u2022 Espa\u00f1a. Cl\u00ednicas de Madrid, Barcelona y otras ciudades de Espa\u00f1a.<\/span><\/p>\n<p class=\"p1\"><span class=\"s1\">\u2022 Ruman\u00eda. Cl\u00ednicas.<\/span><\/p>\n<p class=\"p1\"><span class=\"s1\">\u2022 Austria y Alemania. Varias cl\u00ednicas de medicina, fisioterapia y psicolog\u00eda en Viena y Berl\u00edn.<\/span><\/p>\n<p class=\"p1\"><span class=\"s1\">Francia. Desde hace dos a\u00f1os en el Departamento de Neurolog\u00eda de un importante hospital de Par\u00eds.<\/span><\/p>\n<p class=\"p1\"><span class=\"s1\">M\u00e9xico, Buenos Aires y Uruguay.<\/span><\/p>\n<p class=\"p1\"><span class=\"s1\">\u00a0<\/span><\/p>\n<p class=\"p2\"><span class=\"s2\">\u00a0<\/span><span class=\"s1\"><b>Estas son algunas opiniones de profesionales de renombre mundial tras conocer la B.O<\/b><\/span><span class=\"s3\"><b>.<\/b><\/span><\/p>\n<p class=\"p1\"><span class=\"s1\">\u00a0<\/span><span class=\"s1\"><i>\u201cLa medicina y la neurolog\u00eda no han valorado el factor energ\u00e9tico, el cu\u00e1ntico y la Bio Informaci\u00f3n que la B.O. difunde con resultados a menudo sorprendentes.\u201d <\/i><\/span><\/p>\n<p class=\"p1\"><span class=\"s1\"><b><i>Dr. H, Catedr\u00e1tico de Neurolog\u00eda. Universidad de Par\u00eds. \u00a0<\/i><\/b><\/span><\/p>\n<p class=\"p1\"><span class=\"s1\"><i>\u201cEstoy muy contenta con los cursos de B.O. en California. Pienso como Neurocient\u00edfico que en la Neurociencia y la Energ\u00e9tica tradicional urge una revoluci\u00f3n. La B.O. es la gran revoluci\u00f3n.\u201d <\/i><\/span><\/p>\n<p class=\"p1\"><span class=\"s1\"><b>Dr. JL, Neurocient\u00edfico California.<\/b><\/span><\/p>\n<p class=\"p1\"><span class=\"s1\"><i>\u201cSu conferencia me interes\u00f3 much\u00edsimo. Medir el tiempo en las personas, hallar el a\u00f1o en que se origin\u00f3 el desorden a trav\u00e9s del Mapa de Termporalidad es muy impactante. Le invitamos a participar en nuestro equipo cient\u00edfico internacional\u201d<\/i><\/span><\/p>\n<p class=\"p1\"><span class=\"s1\"><b>Dr. MR, F\u00edsico Ex NASA California.<\/b><\/span><\/p>\n<p class=\"p1\"><span class=\"s1\"><i>\u201dMe gustar\u00eda conocer m\u00e1s del alcance de su investigaci\u00f3n por si pudi\u00e9ramos colaborar\u201d<\/i><\/span><\/p>\n<p class=\"p1\"><span class=\"s1\"><i>\u00a0<\/i><b><i>Dr. NM, Investigaci\u00f3n internacional ex NASA, California.<\/i><\/b><\/span><\/p>\n<p class=\"p1\"><span class=\"s1\"><i>\u201cLa medicina y los colegios necesitan de la B.O. Para nosotros los psic\u00f3logos y coach la B.O. es una herramienta valios\u00edsima\u201d<\/i><\/span><\/p>\n<p class=\"p1\"><span class=\"s1\"><b><i>ME, Psic\u00f3logo Austria.<\/i><\/b><\/span><\/p>\n<p>[\/vc_column_text]<\/p>\n<\/div><div id=\"1587763296618-2c85ce82-1402\" role=\"tabpanel\" class=\"tabs-pane fade\"><p>[vc_column_text]Estamos trabajando y pronto tendr\u00e9is m\u00e1s informaci\u00f3n.<\/p>\n<p>Disculpa las molestias.[\/vc_column_text]<\/p>\n<\/div><div id=\"1587763717555-899ab5d3-a1dd\" role=\"tabpanel\" class=\"tabs-pane fade\"><p>[vc_column_text]Estamos trabajando y pronto tendr\u00e9is m\u00e1s informaci\u00f3n.<\/p>\n<p>Disculpa las molestias.[\/vc_column_text]<\/p>\n<\/div><\/div><\/div>\n[\/vc_column][\/vc_row][vc_row][vc_column css=&#8221;.vc_custom_1590101251687{padding-bottom: 80px !important;}&#8221;][vc_column_text]<\/p>\n<h2 style=\"text-align: center;\"><strong>ALGUNOS TESTIMONIOS DE PACIENTES<\/strong><\/h2>\n<p>[\/vc_column_text][\/vc_column][\/vc_row][vc_row][vc_column width=&#8221;1\/2&#8243;]<div id=\"ld_testimonial_69e1a04792f4d\" class=\"testimonial testimonial-sm testimonial-whole-filled testimonial-fill-onhover testimonial-whole-shadowed testimonial-whole-shadowed-alt testimonial-info-inline round text-left ld_testimonial_69e1a04792f4d\">\n\t\n\t<div class=\"testimonial-quote-mark mb-3 mt-3\">\n\t<svg xmlns=\"http:\/\/www.w3.org\/2000\/svg\" width=\"58\" height=\"42\" viewBox=\"0 0 58 42\">\n\t\t<path d=\"M72.7773438,74.171875 C76.4231953,76.5807412 78.2460938,80.0637793 78.2460938,84.6210938 C78.2460938,88.3320498 77.0742305,91.391915 74.7304688,93.8007812 C72.386707,96.2096475 69.4244971,97.4140625 65.84375,97.4140625 C62.5234209,97.4140625 59.6588662,96.2421992 57.25,93.8984375 C54.8411338,91.5546758 53.6367188,88.4622588 53.6367188,84.6210938 C53.6367188,81.1705557 54.8411338,77.6875176 57.25,74.171875 L68.578125,56.7890625 L80.3945312,56.7890625 L72.7773438,74.171875 Z M102.5625,74.171875 C106.208352,76.5807412 108.03125,80.0637793 108.03125,84.6210938 C108.03125,88.3320498 106.859387,91.391915 104.515625,93.8007812 C102.171863,96.2096475 99.2096533,97.4140625 95.6289062,97.4140625 C92.3085771,97.4140625 89.4440225,96.2421992 87.0351562,93.8984375 C84.62629,91.5546758 83.421875,88.4622588 83.421875,84.6210938 C83.421875,81.1705557 84.62629,77.6875176 87.0351562,74.171875 L98.3632812,56.7890625 L110.179688,56.7890625 L102.5625,74.171875 Z\" transform=\"translate(-53 -56)\"\/>\n\t<\/svg>\n\t<\/div><!-- \/.testimonial-quote-mark -->\n\t\n\t<div class=\"testimonial-quote mt-2\">\n\t\t<blockquote><p>La terapia me ha permitido hacer descubrimientos personales en m\u00faltiples direcciones. Por un lado, he avanzado en el conocimiento de mi propio cuerpo, alcanzado gracias a los procesos de escucha y atenci\u00f3n del mismo. Esto me ha llevado a experimentar una mejor\u00eda de ciertas dolencias, algunas han desaparecido u otras se han espaciado en el tiempo.<\/p>\n<p>Por otro lado, me ha llevado a la pr\u00e1ctica de la atenci\u00f3n plena -a uno mismo y a la realidad en la que vivimos- y esto me ha permitido tomar decisiones m\u00e1s precisas, no sin dificultad, pero s\u00ed con m\u00e1s convencimiento, argumentos y sensaciones afines y de bienestar. Adem\u00e1s, la terapia me ha dado herramientas para superar duelos y situaciones tristes, estresantes o desoladoras y, sobre todo, me ha aportado estrategias para utilizar cada d\u00eda, \u00e9stas me ofrecen bienestar y me invitan a la reflexi\u00f3n sobre mi presente relacionado con las vivencias del pasado.<\/p>\n<p>Finalmente, la terapia permite abordar situaciones, dolencias, dudas, molestias&#8230; desde diversas dimensiones, siendo el trabajo de Rub\u00e9n en la consulta un desencadenante para diversos procesos personales fuera de \u00e9sta.<\/p>\n<\/blockquote>\t<\/div><!-- \/.testimonial-qoute -->\n\t\n\t<div class=\"testimonial-details mt-4 mb-3\">\n\t\t<div class=\"testimonial-info\">\n\t\t\t<h5 >Silvia<\/h5>\t\t\t<h6 class=\"font-weight-normal\">40 a\u00f1os<\/h6>\t\t<\/div><!-- \/.testimonial-info -->\n\t<\/div><!-- \/.testimonial-details -->\n\t\n<\/div><!-- \/.testimonial -->[\/vc_column][vc_column width=&#8221;1\/2&#8243;]<div id=\"ld_testimonial_69e1a047930da\" class=\"testimonial testimonial-sm testimonial-whole-filled testimonial-fill-onhover testimonial-whole-shadowed testimonial-whole-shadowed-alt testimonial-info-inline round text-left ld_testimonial_69e1a047930da\">\n\t\n\t<div class=\"testimonial-quote-mark mb-3 mt-3\">\n\t<svg xmlns=\"http:\/\/www.w3.org\/2000\/svg\" width=\"58\" height=\"42\" viewBox=\"0 0 58 42\">\n\t\t<path d=\"M72.7773438,74.171875 C76.4231953,76.5807412 78.2460938,80.0637793 78.2460938,84.6210938 C78.2460938,88.3320498 77.0742305,91.391915 74.7304688,93.8007812 C72.386707,96.2096475 69.4244971,97.4140625 65.84375,97.4140625 C62.5234209,97.4140625 59.6588662,96.2421992 57.25,93.8984375 C54.8411338,91.5546758 53.6367188,88.4622588 53.6367188,84.6210938 C53.6367188,81.1705557 54.8411338,77.6875176 57.25,74.171875 L68.578125,56.7890625 L80.3945312,56.7890625 L72.7773438,74.171875 Z M102.5625,74.171875 C106.208352,76.5807412 108.03125,80.0637793 108.03125,84.6210938 C108.03125,88.3320498 106.859387,91.391915 104.515625,93.8007812 C102.171863,96.2096475 99.2096533,97.4140625 95.6289062,97.4140625 C92.3085771,97.4140625 89.4440225,96.2421992 87.0351562,93.8984375 C84.62629,91.5546758 83.421875,88.4622588 83.421875,84.6210938 C83.421875,81.1705557 84.62629,77.6875176 87.0351562,74.171875 L98.3632812,56.7890625 L110.179688,56.7890625 L102.5625,74.171875 Z\" transform=\"translate(-53 -56)\"\/>\n\t<\/svg>\n\t<\/div><!-- \/.testimonial-quote-mark -->\n\t\n\t<div class=\"testimonial-quote mt-2\">\n\t\t<blockquote><p>Me llamo Suzanne tengo 66 a\u00f1os y he ido a la consulta de Ruben Cabeza desde 2005.\u00a0\u00a0Me ha ayudado con infinidad de males que jamas pens\u00e9 que tendr\u00edan remedio. He aprendido a ser proactiva y ocuparme de mi salud, en vez de esperar a enfermar y luego buscar un m\u00e9dico , para luego tomar pastillas. Me doy cuenta que si me hubiera puesto a cuidarme antes tendr\u00eda menos males ahora; aunque debo decir que siempre me han interesado los remedios alternativos.<\/p>\n<p>En la consulta Ruben me ha tratado problemas musculoesquel\u00e9ticos por todo el cuerpo, enfermedades digestivos y endocrinos, infecciones diversas, problemas de insomnia, intolerancia a medicamentos y asuntos emocionales entre otros. A menudo un medico no hab\u00eda sido de gran ayuda en estos casos. Al principio Ruben me trataba como osteopata y mas adelante empez\u00f3 a usar la terapia biocu\u00e1ntica. Debo confesar que no llego a comprender exactamente que es ni como funciona, aunque s\u00e9 que tiene que ver con nuestra energ\u00eda a nivel celular.\u00a0\u00a0Tambi\u00e9n me cuesta explicarlo a amigos y familiares,\u00a0\u00a0pero a m\u00ed las sesiones me van muy bien y siempre me han ayudado. Hace falta trabajar, sentir, escuchar el cuerpo y a menudo recordar y revivir situaciones muy desagradables, pero merece la pena. Parec\u00eda que Ruben\u00a0\u00a0siempre sab\u00eda cosas de mi pasado\u00a0\u00a0que yo jam\u00e1s le hab\u00eda contado, sab\u00eda describir c\u00f3mo sent\u00eda y en que estaba pensando.<\/p>\n<p>He entendido que estar sana y bien con migo misma significa tener una mejor relaci\u00f3n con la familia y mi entorno. Ruben dedica mucho tiempo a tratarnos de una forma extremamente sistem\u00e1tica. A veces me habla de achaques pasados de los cuales ni siquiera me acuerdo. Es totalmente profesional, riguroso y respetuoso, pero es capaz de sorprender con sus comentarios.<\/p>\n<p>La medicina cl\u00e1sica es sumamente \u00fatil\u00a0\u00a0y necesaria, no dejo de realizar mis mamograf\u00edas, endoscopias, colonoscopias, ecograf\u00edas y dem\u00e1s pero resulta que a veces reflejan la disminuci\u00f3n o mejor\u00eda\u00a0\u00a0de alguna dolencia que se ha trabajado en la consulta. Los dos sistemas la cl\u00e1sica y la terapia biocu\u00e1ntica en mi opini\u00f3n se complementan. Espero que mi experiencia les sea de ayuda.<\/p>\n<\/blockquote>\t<\/div><!-- \/.testimonial-qoute -->\n\t\n\t<div class=\"testimonial-details mt-4 mb-3\">\n\t\t<div class=\"testimonial-info\">\n\t\t\t<h5 >Suzanne<\/h5>\t\t\t<h6 class=\"font-weight-normal\">66 a\u00f1os<\/h6>\t\t<\/div><!-- \/.testimonial-info -->\n\t<\/div><!-- \/.testimonial-details -->\n\t\n<\/div><!-- \/.testimonial -->[\/vc_column][\/vc_row][vc_row][vc_column][vc_single_image image=&#8221;4938&#8243; img_size=&#8221;full&#8221;][\/vc_column][\/vc_row]<\/p>\n","protected":false},"excerpt":{"rendered":"<p>[vc_row css=&#8221;.vc_custom_1533200633779{padding-top: 80px !important;padding-bottom: 80px !important;}&#8221;][vc_column css=&#8221;.vc_custom_1585665333271{padding-bottom: 80px !important;}&#8221;][\/vc_column][\/vc_row][vc_row][vc_column css=&#8221;.vc_custom_1590101251687{padding-bottom: 80px !important;}&#8221;][vc_column_text] ALGUNOS TESTIMONIOS DE PACIENTES [\/vc_column_text][\/vc_column][\/vc_row][vc_row][vc_column width=&#8221;1\/2&#8243;][\/vc_column][vc_column width=&#8221;1\/2&#8243;][\/vc_column][\/vc_row][vc_row][vc_column][vc_single_image image=&#8221;4938&#8243; img_size=&#8221;full&#8221;][\/vc_column][\/vc_row]<\/p>\n","protected":false},"author":1,"featured_media":0,"parent":4045,"menu_order":0,"comment_status":"closed","ping_status":"closed","template":"","meta":[],"_links":{"self":[{"href":"https:\/\/rubencabeza.com\/en\/wp-json\/wp\/v2\/pages\/4114"}],"collection":[{"href":"https:\/\/rubencabeza.com\/en\/wp-json\/wp\/v2\/pages"}],"about":[{"href":"https:\/\/rubencabeza.com\/en\/wp-json\/wp\/v2\/types\/page"}],"author":[{"embeddable":true,"href":"https:\/\/rubencabeza.com\/en\/wp-json\/wp\/v2\/users\/1"}],"replies":[{"embeddable":true,"href":"https:\/\/rubencabeza.com\/en\/wp-json\/wp\/v2\/comments?post=4114"}],"version-history":[{"count":40,"href":"https:\/\/rubencabeza.com\/en\/wp-json\/wp\/v2\/pages\/4114\/revisions"}],"predecessor-version":[{"id":5012,"href":"https:\/\/rubencabeza.com\/en\/wp-json\/wp\/v2\/pages\/4114\/revisions\/5012"}],"up":[{"embeddable":true,"href":"https:\/\/rubencabeza.com\/en\/wp-json\/wp\/v2\/pages\/4045"}],"wp:attachment":[{"href":"https:\/\/rubencabeza.com\/en\/wp-json\/wp\/v2\/media?parent=4114"}],"curies":[{"name":"wp","href":"https:\/\/api.w.org\/{rel}","templated":true}]}}