{"id":4105,"date":"2020-03-16T09:28:45","date_gmt":"2020-03-16T08:28:45","guid":{"rendered":"https:\/\/rubencabeza.com\/?page_id=4105"},"modified":"2020-05-11T16:03:25","modified_gmt":"2020-05-11T14:03:25","slug":"politica-de-privacidad","status":"publish","type":"page","link":"https:\/\/rubencabeza.com\/en\/politica-de-privacidad\/","title":{"rendered":"Aviso legal y pol\u00edtica de privacidad"},"content":{"rendered":"<p>[vc_row][vc_column css=&#8221;.vc_custom_1585214603163{padding-top: 80px !important;padding-bottom: 120px !important;}&#8221;][vc_column_text]<\/p>\n<p class=\"p1\"><strong><span class=\"s1\">1. DATOS IDENTIFICATIVOS:<\/span><\/strong><\/p>\n<p class=\"p1\"><span class=\"s1\">En cumplimiento con el deber de informaci\u00f3n recogido en art\u00edculo 10 de la Ley 34\/2002, de 11 de julio, de Servicios de la Sociedad de la Informaci\u00f3n y del Comercio Electr\u00f3nico, a continuaci\u00f3n se reflejan los siguientes datos: la persona f\u00edsica titular de domino web es Ruben Cabeza Fraile, con DNI 78884984K y domicilio de la consulta en la Calle Francisco de Rojas 9, piso 6 despacho 6. Correo electr\u00f3nico de contacto:\u00a0saludactiva@rubencabeza.com<\/span><\/p>\n<p>&nbsp;<\/p>\n<p class=\"p1\"><strong><span class=\"s1\">2. USUARIOS:<\/span><\/strong><\/p>\n<p class=\"p1\"><span class=\"s1\">El acceso y\/o uso de este portal de la consulta de Rub\u00e9n Cabeza atribuye la condici\u00f3n de USUARIO, que acepta, desde dicho acceso y\/o uso, las Condiciones Generales de Uso aqu\u00ed reflejadas. Las citadas Condiciones ser\u00e1n de aplicaci\u00f3n independientemente de las Condiciones Generales de Contrataci\u00f3n que en su caso resulten de obligado cumplimiento.<\/span><\/p>\n<p>&nbsp;<\/p>\n<p class=\"p1\"><strong><span class=\"s1\">3. USO DEL PORTAL:<\/span><\/strong><\/p>\n<p class=\"p1\"><span class=\"s1\">Www.rubencabeza.com\u00a0proporciona el acceso a multitud de informaciones, servicios, programas o datos (en adelante, \u201clos contenidos\u201d) en Internet pertenecientes a la consulta y el trabajo de formaci\u00f3n de Rub\u00e9n Cabeza. El USUARIO asume la responsabilidad del uso del portal. Dicha responsabilidad se extiende al registro que fuese necesario para acceder a determinados servicios o contenidos.<\/span><\/p>\n<p class=\"p1\"><span class=\"s1\">En dicho registro el USUARIO ser\u00e1 responsable de aportar informaci\u00f3n veraz y l\u00edcita. Como consecuencia de este registro el usuario acceder\u00e1 a recibir una vez al mes o menos newsletter con informaci\u00f3n \u00fatil sobre salud, sobre temas de la consulta, sobre futuras charlas gratuitas o cursos de formaci\u00f3n.<\/span><\/p>\n<p class=\"p1\"><span class=\"s1\">El USUARIO se compromete a hacer un uso adecuado de los contenidos y servicios que Ruben Cabeza como creador del sitio web ofrece a trav\u00e9s de su portal (en los comentarios en el blog como por ejemplo) y con car\u00e1cter enunciativo pero no limitativo, a no emplearlos para (i) incurrir en actividades il\u00edcitas, ilegales o contrarias a la buena fe y al orden p\u00fablico; (ii) difundir contenidos o propaganda de car\u00e1cter racista, xen\u00f3fobo, pornogr\u00e1fico-ilegal, de apolog\u00eda del terrorismo o atentatorio contra los derechos humanos; (iii) provocar da\u00f1os en los sistemas f\u00edsicos y l\u00f3gicos de Ruben Cabeza , de sus proveedores o de terceras personas, introducir o difundir en la red virus inform\u00e1ticos o cualesquiera otros sistemas f\u00edsicos o l\u00f3gicos que sean susceptibles de provocar los da\u00f1os anteriormente mencionados; (iv) intentar acceder y, en su caso, utilizar las cuentas de correo electr\u00f3nico de otros usuarios y modificarlo manipular sus mensajes. Rub\u00e9n Cabeza se reserva el derecho de retirar todos aquellos comentarios y aportaciones que vulneren el respeto a la dignidad de la persona, que sean discriminatorios, xen\u00f3fobos, racistas, pornogr\u00e1ficos, que atenten contra la juventud o la infancia, el orden o la seguridad p\u00fablica o que, a su juicio, no resultaran adecuados para su publicaci\u00f3n. En cualquier caso, Rub\u00e9n Cabeza no ser\u00e1 responsable de las opiniones vertidas por los usuarios a trav\u00e9s de los foros, chats, u otras herramientas de participaci\u00f3n.<\/span><\/p>\n<p>&nbsp;<\/p>\n<p class=\"p1\"><strong><span class=\"s1\">4. PROTECCI\u00d3N DE DATOS:<\/span><\/strong><\/p>\n<p class=\"p1\"><span class=\"s1\">Rub\u00e9n Cabeza cumple con las directrices de la Ley Org\u00e1nica 15\/1999 de 13 de diciembre de Protecci\u00f3n de Datos de Car\u00e1cter Personal, el Real Decreto 1720\/2007 de 21 de diciembre por el que se aprueba el Reglamento de desarrollo de la Ley Org\u00e1nica y dem\u00e1s normativa vigente en cada momento, y vela por garantizar un correcto uso y tratamiento de los datos personales del usuario. Para ello, junto a cada formulario de recabo de datos de car\u00e1cter personal, en los servicios que el usuario pueda solicitar a Rub\u00e9n Cabeza, har\u00e1 saber al usuario de la existencia y aceptaci\u00f3n de las condiciones particulares del tratamiento de sus datos en cada caso, inform\u00e1ndole de la responsabilidad del fichero creado, la direcci\u00f3n del responsable, la posibilidad de ejercer sus derechos de acceso, rectificaci\u00f3n, cancelaci\u00f3n u oposici\u00f3n, la finalidad del tratamiento y las comunicaciones de datos a terceros en su caso.<\/span><\/p>\n<p class=\"p1\"><span class=\"s1\">Asimismo, Rub\u00e9n Cabeza informa que de cumplimiento a la Ley 34\/2002 de 11 de julio, de Servicios de la Sociedad de la Informaci\u00f3n y el Comercio Electr\u00f3nico y le solicitar\u00e1 su consentimiento al tratamiento de su correo electr\u00f3nico con fines comerciales en cada momento.<\/span><\/p>\n<p class=\"p1\"><span class=\"s1\">En ning\u00fan momento ser\u00e1 usado dichos datos para uso de terceros. En la web de Rub\u00e9n Cabeza s\u00f3lo podr\u00e1s encontrar un formulario en el footer de la cabecera de abajo donde poder darte de alta en la newsletter. Todos nuestros ficheros est\u00e1n bien guardados en nuestros servidores con seguridad y se usan para envi\u00f3 de newsletter informativas sobre temas de salud, charlas gratuitas, nuevos v\u00eddeos del canal de youtube o futuros cursos formativos pero en ning\u00fan caso para saturar o abusas de envios masivos a nuestros usuarios.<\/span><\/p>\n<p>&nbsp;<\/p>\n<p class=\"p1\"><strong><span class=\"s1\">5. PROPIEDAD INTELECTUAL E INDUSTRIAL:<\/span><\/strong><\/p>\n<p class=\"p1\"><span class=\"s1\">Rub\u00e9n Cabeza, es titular de todos los derechos de propiedad intelectual e industrial de su p\u00e1gina web www.rubencabeza.com, as\u00ed como de los elementos contenidos en la misma (a t\u00edtulo enunciativo, im\u00e1genes, sonido, audio, v\u00eddeo, software o textos; marcas o logotipos, combinaciones de colores, estructura y dise\u00f1o, selecci\u00f3n de materiales usados, programas de ordenador necesarios para su funcionamiento, acceso y uso, etc.), titularidad de Rub\u00e9n Cabeza o bien de sus licenciantes.<\/span><\/p>\n<p class=\"p1\"><span class=\"s1\">Todos los derechos reservados. En virtud de lo dispuesto en los art\u00edculos 8 y 32.1, p\u00e1rrafo segundo, de la Ley de Propiedad Intelectual, quedan expresamente prohibidas la reproducci\u00f3n, la distribuci\u00f3n y la comunicaci\u00f3n p\u00fablica, incluida su modalidad de puesta a disposici\u00f3n, de la totalidad o parte de los contenidos de esta p\u00e1gina web, con fines comerciales, en cualquier soporte y por cualquier medio t\u00e9cnico, sin la autorizaci\u00f3n de Rub\u00e9n Cabeza. El USUARIO se compromete a respetar los derechos de Propiedad Intelectual e Industrial titularidad de Rub\u00e9n Cabeza. Podr\u00e1 visualizar los elementos del portal e incluso imprimirlos, copiarlos y almacenarlos en el disco duro de su ordenador o en cualquier otro soporte f\u00edsico siempre y cuando sea, \u00fanica y exclusivamente, para su uso personal y privado. El USUARIO deber\u00e1 abstenerse de suprimir, alterar, eludir o manipular cualquier dispositivo de protecci\u00f3n o sistema de seguridad que estuviera instalado en el las p\u00e1ginas de Rub\u00e9n Cabeza.<\/span><\/p>\n<p>&nbsp;<\/p>\n<p class=\"p1\"><strong><span class=\"s1\">6. EXCLUSI\u00d3N DE GARANT\u00cdAS Y RESPONSABILIDA:<\/span><\/strong><\/p>\n<p class=\"p1\"><span class=\"s1\">Rub\u00e9n Cabeza no se hace responsable, en ning\u00fan caso, de los da\u00f1os y perjuicios de cualquier naturaleza que pudieran ocasionar, a t\u00edtulo enunciativo: errores u omisiones en los contenidos, falta de disponibilidad del portal o la transmisi\u00f3n de virus o programas maliciosos o lesivos en los contenidos, a pesar de haber adoptado todas las medidas tecnol\u00f3gicas necesarias para evitarlo.<\/span><\/p>\n<p>&nbsp;<\/p>\n<p class=\"p1\"><strong><span class=\"s1\">7. MODIFICACIONES:<\/span><\/strong><\/p>\n<p class=\"p1\"><span class=\"s1\">Rub\u00e9n Cabeza se reserva el derecho de efectuar sin previo aviso las modificaciones que considere oportunas en su portal, pudiendo cambiar, suprimir o a\u00f1adir tanto los contenidos y servicios que se presten a trav\u00e9s de la misma como la forma en la que \u00e9stos aparezcan presentados o localizados en su portal.<\/span><\/p>\n<p>&nbsp;<\/p>\n<p class=\"p1\"><strong><span class=\"s1\">8. ENLACES<\/span><\/strong><\/p>\n<p class=\"p1\"><span class=\"s1\">En el caso de que en\u00a0www.rubencabeza.com\u00a0se dispusiesen enlaces o hiperv\u00ednculos hac\u00eda otros sitios de Internet, Rub\u00e9n Cabeza no ejercer\u00e1 ning\u00fan tipo de control sobre dichos sitios y contenidos. En ning\u00fan caso Rub\u00e9n Cabeza asumir\u00e1 responsabilidad alguna por los contenidos de alg\u00fan enlace perteneciente a un sitio web ajeno, ni garantizar\u00e1 la disponibilidad t\u00e9cnica, calidad, fiabilidad, exactitud, amplitud, veracidad, validez y<\/span><\/p>\n<p class=\"p1\"><span class=\"s1\">constitucionalidad de cualquier material o informaci\u00f3n contenida en ninguno de dichos hiperv\u00ednculos u otros sitios de Internet.<\/span><\/p>\n<p class=\"p1\"><span class=\"s1\">Igualmente la inclusi\u00f3n de estas conexiones externas no implicar\u00e1 ning\u00fan tipo de asociaci\u00f3n, fusi\u00f3n o participaci\u00f3n con las entidades conectadas.<\/span><\/p>\n<p>&nbsp;<\/p>\n<p class=\"p1\"><strong><span class=\"s1\">9. DERECHO DE EXCLUSI\u00d3N<\/span><\/strong><\/p>\n<p class=\"p1\"><span class=\"s1\">Rub\u00e9n Cabeza se reserva el derecho a denegar o retirar el acceso a portal y\/o los servicios ofrecidos sin necesidad de preaviso, a instancia propia o de un tercero, a aquellos usuarios que incumplan las presentes Condiciones Generales de Uso.<\/span><\/p>\n<p>&nbsp;<\/p>\n<p class=\"p1\"><strong><span class=\"s1\">10.GENERALIDADES<\/span><\/strong><\/p>\n<p class=\"p1\"><span class=\"s1\">Rub\u00e9n Cabeza perseguir\u00e1 el incumplimiento de las presentes condiciones as\u00ed como cualquier utilizaci\u00f3n indebida de su portal ejerciendo todas las acciones civiles y penales que le puedan corresponder en derecho.<\/span><\/p>\n<p>&nbsp;<\/p>\n<p class=\"p1\"><strong><span class=\"s1\">11.MODIFICACI\u00d3N DE LAS PRESENTES CONDICIONES Y DURACI\u00d3N<\/span><\/strong><\/p>\n<p class=\"p1\"><span class=\"s1\">Rub\u00e9n Cabeza podr\u00e1 modificar en cualquier momento las condiciones aqu\u00ed determinadas, siendo debidamente publicadas como aqu\u00ed aparecen.<\/span><\/p>\n<p class=\"p1\"><span class=\"s1\">La vigencia de las citadas condiciones ir\u00e1 en funci\u00f3n de su exposici\u00f3n y estar\u00e1n vigentes hasta debidamente publicadas. que sean modificadas por otras.<\/span><\/p>\n<p>&nbsp;<\/p>\n<p class=\"p1\"><strong><span class=\"s1\">12. LEGISLACI\u00d3N APLICABLE Y JURISDICCI\u00d3N<\/span><\/strong><\/p>\n<p class=\"p1\"><span class=\"s1\">La relaci\u00f3n entre Rub\u00e9n Cabeza y el USUARIO se regir\u00e1 por la normativa espa\u00f1ola vigente y cualquier controversia se someter\u00e1 a los Juzgados y tribunales de la ciudad de Madrid. Aviso Legal redactado siguiendo el:\u00a0Modelo de Aviso Legal de la web de Espa\u00f1a.<\/span><\/p>\n<p class=\"p1\"><span class=\"s1\">\u00a0<\/span><\/p>\n<p>[\/vc_column_text][\/vc_column][\/vc_row]<\/p>\n","protected":false},"excerpt":{"rendered":"<p>[vc_row][vc_column css=&#8221;.vc_custom_1585214603163{padding-top: 80px !important;padding-bottom: 120px !important;}&#8221;][vc_column_text] 1. DATOS IDENTIFICATIVOS: En cumplimiento con el deber de informaci\u00f3n recogido en art\u00edculo 10 de la Ley 34\/2002, de 11 de julio, de Servicios de la Sociedad de la Informaci\u00f3n y del Comercio Electr\u00f3nico, a continuaci\u00f3n se reflejan los siguientes datos: la persona f\u00edsica titular de domino web es [&hellip;]<\/p>\n","protected":false},"author":1,"featured_media":0,"parent":0,"menu_order":0,"comment_status":"closed","ping_status":"closed","template":"","meta":[],"_links":{"self":[{"href":"https:\/\/rubencabeza.com\/en\/wp-json\/wp\/v2\/pages\/4105"}],"collection":[{"href":"https:\/\/rubencabeza.com\/en\/wp-json\/wp\/v2\/pages"}],"about":[{"href":"https:\/\/rubencabeza.com\/en\/wp-json\/wp\/v2\/types\/page"}],"author":[{"embeddable":true,"href":"https:\/\/rubencabeza.com\/en\/wp-json\/wp\/v2\/users\/1"}],"replies":[{"embeddable":true,"href":"https:\/\/rubencabeza.com\/en\/wp-json\/wp\/v2\/comments?post=4105"}],"version-history":[{"count":10,"href":"https:\/\/rubencabeza.com\/en\/wp-json\/wp\/v2\/pages\/4105\/revisions"}],"predecessor-version":[{"id":4788,"href":"https:\/\/rubencabeza.com\/en\/wp-json\/wp\/v2\/pages\/4105\/revisions\/4788"}],"wp:attachment":[{"href":"https:\/\/rubencabeza.com\/en\/wp-json\/wp\/v2\/media?parent=4105"}],"curies":[{"name":"wp","href":"https:\/\/api.w.org\/{rel}","templated":true}]}}