{"id":4103,"date":"2020-03-16T09:27:39","date_gmt":"2020-03-16T08:27:39","guid":{"rendered":"https:\/\/rubencabeza.com\/?page_id=4103"},"modified":"2020-05-22T23:59:49","modified_gmt":"2020-05-22T21:59:49","slug":"profesionales-amigos","status":"publish","type":"page","link":"https:\/\/rubencabeza.com\/en\/profesionales-amigos\/","title":{"rendered":"Profesionales recomendados"},"content":{"rendered":"<p>[vc_row][vc_column width=&#8221;1\/2&#8243; css=&#8221;.vc_custom_1585779375620{padding-top: 40px !important;padding-bottom: 80px !important;}&#8221;][vc_single_image image=&#8221;4415&#8243; img_size=&#8221;full&#8221; css=&#8221;.vc_custom_1590184764120{padding-top: 40px !important;}&#8221;][\/vc_column][vc_column width=&#8221;1\/2&#8243; css=&#8221;.vc_custom_1585779427920{padding-top: 40px !important;}&#8221;][vc_column_text css=&#8221;.vc_custom_1589151407649{padding-top: 40px !important;}&#8221;]Desde hace tiempo quer\u00eda tener una secci\u00f3n para poder recomendaros profesionales en los que confiamos y con los que llevamos muchos a\u00f1os colaborando y compartiendo casos de pacientes con muy buenos resultados.<\/p>\n<p>Iremos a\u00f1adiendo m\u00e1s profesionales que os pueden ser de mucho inter\u00e9s para vosotros, amigos y familias que puedan necesitarlo.[\/vc_column_text][\/vc_column][\/vc_row][vc_row][vc_column width=&#8221;1\/2&#8243; css=&#8221;.vc_custom_1585498000099{padding-top: 80px !important;padding-bottom: 80px !important;}&#8221;]<div id=\"ld_milestone_69e09b68d0f41\" class=\"liquid-milestone ld_milestone_69e09b68d0f41\">\n\n\t\n\t<div class=\"liquid-milestone-content\">\n\t\t<h5 class=\"text-uppercase\">RECOMENDAMOS:<\/h5>\t\t<p><strong>MADRID<\/strong><\/p>\n<p><strong>CL\u00cdNICA BIODENTAL ALDA<\/strong><\/p>\n<div dir=\"auto\">C\/Tiberiades, 10 1\u00baA 28043 Madrid<\/div>\n<div dir=\"auto\">tlf. 91 300 16 40<\/div>\n<div dir=\"auto\">\n<div dir=\"auto\"><a href=\"http:\/\/www.clinicabiodental.com\/\">www.cl\u00ednicabiodental.com<\/a><\/div>\n<div dir=\"auto\"><\/div>\n<\/div>\n<p>&nbsp;<\/p>\n<p><strong>BILBAO<\/strong><\/p>\n<div dir=\"auto\"><strong>CENTRO TERAPEUTICO ETHOS<\/strong><\/div>\n<div dir=\"auto\"><\/div>\n<div dir=\"auto\">Kasune n27 Algorta 48993 Vizcaya<\/div>\n<div dir=\"auto\">tlf. 944319061<\/div>\n<div dir=\"auto\">\n<div dir=\"auto\"><a href=\"http:\/\/www.centroethos.com\/\" target=\"_blank\" rel=\"noopener noreferrer\" data-saferedirecturl=\"https:\/\/www.google.com\/url?q=http:\/\/Www.centroethos.com&amp;source=gmail&amp;ust=1587159323982000&amp;usg=AFQjCNHsC7Yu4bk7LyV4s1Fr7SYN8PLK_w\">Www.centroethos.com<\/a><\/div>\n<div dir=\"auto\"><a href=\"mailto:Administracion@centroethos.com\" target=\"_blank\" rel=\"noopener noreferrer\">Administracion@centroethos.com<\/a><\/div>\n<\/div>\n<div dir=\"auto\">\n<p>&nbsp;<\/p>\n<p><strong>GIJ\u00d3N<\/strong><\/p>\n<div dir=\"auto\"><strong>CL\u00cdNICA C\u00c9SPEDES<\/strong><\/div>\n<div dir=\"auto\">Enfermer\u00eda, fsioterapia y osteopat\u00eda<\/div>\n<div dir=\"auto\"><span class=\"xr_tl xr_s17\">Calle Cabrales, 76, 3\u00ba Dcha<\/span><\/div>\n<div dir=\"auto\"><span class=\"xr_tl xr_s17\">33.201 Gij\u00f3n<\/span><span class=\"xr_tl xr_s17\">Principado de Asturias<\/span><\/div>\n<div dir=\"auto\"><span class=\"xr_tl xr_s17\">Tfno: +34 985 35 78 76<\/span><span class=\"xr_tl xr_s18\"><span class=\"xr_s17\">e<\/span><\/span><\/div>\n<div dir=\"auto\">\n<div dir=\"auto\">www.ovideocespedes.es<\/div>\n<\/div>\n<\/div>\n\t<\/div><!-- \/.liquid-milestone-content -->\n\n<\/div><!-- \/.liquid-milestone -->[\/vc_column][vc_column width=&#8221;1\/2&#8243;]<div id=\"ld_milestone_69e09b68d1152\" class=\"liquid-milestone ld_milestone_69e09b68d1152\">\n\n\t\n\t<div class=\"liquid-milestone-content\">\n\t\t\t\t<div dir=\"auto\">\n<div dir=\"auto\"><strong>CANARIAS<\/strong><\/div>\n<\/div>\n<p><strong>ERGODIN\u00c1MICA CL\u00cdNICA FUERTEVENTURA<\/strong><\/p>\n<p>Fisioterapia y fisioterapia deportiva por un lado con la experiencia de 16 a\u00f1os como deportista de alto nivel. Estudios biomec\u00e1nicos de la marcha y la carrera y si es necesario la confecci\u00f3n de \u00f3rtesis a medida con el m\u00e9todo patentado y contrastado de Ergodinamica.<\/p>\n<div><\/div>\n<div>C\/ Fernandez Casta\u00f1eyra 8. 35600. Puerto del Rosario. Fuerteventura<\/div>\n<div>\n<div>928585078\/617393527<\/div>\n<div>\u00a0<a href=\"http:\/\/www.ergodinamica.com\/\" target=\"_blank\" rel=\"noopener noreferrer\" data-saferedirecturl=\"https:\/\/www.google.com\/url?q=http:\/\/www.ergodinamica.com&amp;source=gmail&amp;ust=1586983637363000&amp;usg=AFQjCNFgo0V72AvHFBKIU0UEG4qyFvQc2w\">www.ergodinamica.com<\/a><\/div>\n<\/div>\n<div><a href=\"mailto:fuerteventura@ergodinamica.com\" target=\"_blank\" rel=\"noopener noreferrer\">fuerteventura@ergodinamica.com<\/a><\/div>\n<p>&nbsp;<\/p>\n<p><strong>CANTABRIA<\/strong><\/p>\n<div dir=\"auto\"><strong>INNATUR<\/strong><\/div>\n<div dir=\"auto\"><\/div>\n<div dir=\"auto\"><em>Carlos Morquillas G\u00f3mez<\/em><\/div>\n<div dir=\"auto\">Centro de fisioterapia y PsicoNeuroInmunolgia cl\u00ednica.<\/div>\n<div dir=\"auto\"><\/div>\n<div dir=\"auto\">Barrio la Teja 193-B 1\u2019A<\/div>\n<div dir=\"auto\">39539 PUENTE SAN MIGUEL<\/div>\n<div dir=\"auto\">TLF. 651183275<\/div>\n<div dir=\"auto\">carlosmorquillas1979@hotmail.<wbr \/>con<\/div>\n<div dir=\"auto\">Web.\u00a0<a href=\"http:\/\/www.centroinnatur.com\/\" target=\"_blank\" rel=\"noopener noreferrer\" data-saferedirecturl=\"https:\/\/www.google.com\/url?q=http:\/\/www.centroinnatur.com&amp;source=gmail&amp;ust=1587159235151000&amp;usg=AFQjCNEK4ySh4awLAXXp0XYHIDslS_dHBQ\">www.centroinnatur.com<\/a><\/div>\n\t<\/div><!-- \/.liquid-milestone-content -->\n\n<\/div><!-- \/.liquid-milestone -->[\/vc_column][\/vc_row][vc_row][vc_column css=&#8221;.vc_custom_1585497982796{padding-top: 80px !important;padding-bottom: 80px !important;}&#8221;][vc_single_image image=&#8221;4532&#8243; img_size=&#8221;full&#8221; css=&#8221;.vc_custom_1585497968413{padding-top: 80px !important;padding-bottom: 80px !important;background-position: center !important;background-repeat: no-repeat !important;background-size: cover !important;}&#8221;][\/vc_column][\/vc_row]<\/p>\n","protected":false},"excerpt":{"rendered":"<p>[vc_row][vc_column width=&#8221;1\/2&#8243; css=&#8221;.vc_custom_1585779375620{padding-top: 40px !important;padding-bottom: 80px !important;}&#8221;][vc_single_image image=&#8221;4415&#8243; img_size=&#8221;full&#8221; css=&#8221;.vc_custom_1590184764120{padding-top: 40px !important;}&#8221;][\/vc_column][vc_column width=&#8221;1\/2&#8243; css=&#8221;.vc_custom_1585779427920{padding-top: 40px !important;}&#8221;][vc_column_text css=&#8221;.vc_custom_1589151407649{padding-top: 40px !important;}&#8221;]Desde hace tiempo quer\u00eda tener una secci\u00f3n para poder recomendaros profesionales en los que confiamos y con los que llevamos muchos a\u00f1os colaborando y compartiendo casos de pacientes con muy buenos resultados. Iremos a\u00f1adiendo m\u00e1s profesionales que [&hellip;]<\/p>\n","protected":false},"author":1,"featured_media":0,"parent":0,"menu_order":0,"comment_status":"closed","ping_status":"closed","template":"","meta":[],"_links":{"self":[{"href":"https:\/\/rubencabeza.com\/en\/wp-json\/wp\/v2\/pages\/4103"}],"collection":[{"href":"https:\/\/rubencabeza.com\/en\/wp-json\/wp\/v2\/pages"}],"about":[{"href":"https:\/\/rubencabeza.com\/en\/wp-json\/wp\/v2\/types\/page"}],"author":[{"embeddable":true,"href":"https:\/\/rubencabeza.com\/en\/wp-json\/wp\/v2\/users\/1"}],"replies":[{"embeddable":true,"href":"https:\/\/rubencabeza.com\/en\/wp-json\/wp\/v2\/comments?post=4103"}],"version-history":[{"count":21,"href":"https:\/\/rubencabeza.com\/en\/wp-json\/wp\/v2\/pages\/4103\/revisions"}],"predecessor-version":[{"id":5009,"href":"https:\/\/rubencabeza.com\/en\/wp-json\/wp\/v2\/pages\/4103\/revisions\/5009"}],"wp:attachment":[{"href":"https:\/\/rubencabeza.com\/en\/wp-json\/wp\/v2\/media?parent=4103"}],"curies":[{"name":"wp","href":"https:\/\/api.w.org\/{rel}","templated":true}]}}