{"id":4101,"date":"2020-03-16T09:12:10","date_gmt":"2020-03-16T08:12:10","guid":{"rendered":"https:\/\/rubencabeza.com\/?page_id=4101"},"modified":"2020-05-21T23:59:24","modified_gmt":"2020-05-21T21:59:24","slug":"para-quien","status":"publish","type":"page","link":"https:\/\/rubencabeza.com\/en\/para-quien\/","title":{"rendered":"Para qui\u00e9n"},"content":{"rendered":"<p>[vc_row][vc_column][vc_single_image image=&#8221;4209&#8243; img_size=&#8221;full&#8221; alignment=&#8221;center&#8221; css=&#8221;.vc_custom_1585476231145{padding-top: 120px !important;padding-bottom: 80px !important;}&#8221;][\/vc_column][\/vc_row][vc_row css=&#8221;.vc_custom_1585476033144{padding-top: 70px !important;padding-bottom: 80px !important;}&#8221;][vc_column width=&#8221;1\/2&#8243;][vc_column_text css=&#8221;.vc_custom_1585476198755{padding-top: 0px !important;padding-bottom: 80px !important;}&#8221;]La consulta va dirigida a todas las personas, de todas las edades y con cualquier problema de salud. Tambi\u00e9n se dirige a aquellas personas que, estando sanas, sientan que quieren mejorar a\u00fan m\u00e1s su vida. Deja atr\u00e1s la resignaci\u00f3n y el pensamiento de que hay cosas que son as\u00ed para siempre y que no se puede hacer m\u00e1s para mejorarlas. Esto es producto de nuestra educaci\u00f3n respecto a la salud.<\/p>\n<p>Lo \u00fanico que necesitas saber es que puedes venir a la consulta siempre que quieras mejorar tu salud, tu vida, cualquiera que sea la causa. Si est\u00e1s recibiendo un tratamiento m\u00e9dico, colaboraremos con \u00e9l para que tu salud mejore todav\u00eda m\u00e1s.<\/p>\n<p>Si est\u00e1s recibiendo un tratamiento m\u00e9dico, colaboraremos con \u00e9l para que tu salud mejore todav\u00eda m\u00e1s.<\/p>\n<p>Si tienes dudas de si te puedo ayudar con lo que te sucede, ponte en contacto conmigo y te informar\u00e9 de todo detalladamente. Piensa en c\u00f3mo necesitas estar y ponte en marcha para conseguirlo. El objetivo es disfrutar de la vida con alegr\u00eda. \u00a1Estar sano mola mucho m\u00e1s![\/vc_column_text]<a href=\"https:\/\/rubencabeza.com\/terapias\/\" title=\"Terapias\" class=\"btn btn-solid btn-bordered border-thin ld_button_69e73651b8a32\">\n\t<span>\n\t\t\n\t\t\t\t\t<span class=\"btn-txt\">CONOCE NUESTRAS TER\u00c1PIAS<\/span>\n\t\t\t\n\t\t\t\t<\/span>\n<\/a>\n[\/vc_column][vc_column width=&#8221;1\/2&#8243;][vc_column_text]<strong>ESTOS SON ALGUNOS EJEMPLOS DE PATOLOG\u00cdAS QUE SE TRATAN EN LA CONSULTA, AUNQUE PODEMOS AYUDAR EN TODOS LOS PROBLEMAS:<\/strong><\/p>\n<p><strong>1.\u00a0EMBARAZADAS Y MUJERES QUE QUIERAN ESTARLO<\/strong><br \/>\nProblemas circulatorios, digestivos, estre\u00f1imiento, infecciones, mejorar el parto y posparto, dificultades en la concepci\u00f3n, abortos repetidos, etc. Para todas las embarazadas, con o sin problemas, el tratamiento integrado optimiza al m\u00e1ximo el desarrollo del beb\u00e9 y el bienestar de la madre.<\/p>\n<p><strong>2.\u00a0BEB\u00c9S<\/strong><br \/>\nC\u00f3licos del lactante, lloros, mal sue\u00f1o, infecciones, dermatitis y alergias, etc.<\/p>\n<p><strong>3.\u00a0NI\u00d1OS<\/strong><br \/>\nInfecciones, alergias, intolerancias, comportamiento, concentraci\u00f3n, problemas de espalda, control para un crecimiento sano, etc.<\/p>\n<p><strong>4.\u00a0ADULTOS<\/strong><br \/>\nDolor, estr\u00e9s, ansiedad, preocupaciones, estado de \u00e1nimo, insomnio, tensi\u00f3n muscular, hernias, patolog\u00edas de columna, enfermedades digestivas (reflujo, acidez, gases, colon irritable), tensi\u00f3n arterial, diabetes, tiroides, alteraciones de la menstruaci\u00f3n, sobrepeso, etc.<\/p>\n<p><strong>5.\u00a0PERSONAS MAYORES<\/strong><br \/>\nEnfermedades cr\u00f3nicas de los huesos y articulaciones, movilidad, problemas respiratorios y cardiacos,<br \/>\ndiabetes, enfermedades reum\u00e1ticas, infecciones, etc.[\/vc_column_text][\/vc_column][\/vc_row]<\/p>\n","protected":false},"excerpt":{"rendered":"<p>[vc_row][vc_column][vc_single_image image=&#8221;4209&#8243; img_size=&#8221;full&#8221; alignment=&#8221;center&#8221; css=&#8221;.vc_custom_1585476231145{padding-top: 120px !important;padding-bottom: 80px !important;}&#8221;][\/vc_column][\/vc_row][vc_row css=&#8221;.vc_custom_1585476033144{padding-top: 70px !important;padding-bottom: 80px !important;}&#8221;][vc_column width=&#8221;1\/2&#8243;][vc_column_text css=&#8221;.vc_custom_1585476198755{padding-top: 0px !important;padding-bottom: 80px !important;}&#8221;]La consulta va dirigida a todas las personas, de todas las edades y con cualquier problema de salud. Tambi\u00e9n se dirige a aquellas personas que, estando sanas, sientan que quieren mejorar a\u00fan m\u00e1s su vida. Deja [&hellip;]<\/p>\n","protected":false},"author":1,"featured_media":0,"parent":0,"menu_order":0,"comment_status":"closed","ping_status":"closed","template":"","meta":[],"_links":{"self":[{"href":"https:\/\/rubencabeza.com\/en\/wp-json\/wp\/v2\/pages\/4101"}],"collection":[{"href":"https:\/\/rubencabeza.com\/en\/wp-json\/wp\/v2\/pages"}],"about":[{"href":"https:\/\/rubencabeza.com\/en\/wp-json\/wp\/v2\/types\/page"}],"author":[{"embeddable":true,"href":"https:\/\/rubencabeza.com\/en\/wp-json\/wp\/v2\/users\/1"}],"replies":[{"embeddable":true,"href":"https:\/\/rubencabeza.com\/en\/wp-json\/wp\/v2\/comments?post=4101"}],"version-history":[{"count":9,"href":"https:\/\/rubencabeza.com\/en\/wp-json\/wp\/v2\/pages\/4101\/revisions"}],"predecessor-version":[{"id":4775,"href":"https:\/\/rubencabeza.com\/en\/wp-json\/wp\/v2\/pages\/4101\/revisions\/4775"}],"wp:attachment":[{"href":"https:\/\/rubencabeza.com\/en\/wp-json\/wp\/v2\/media?parent=4101"}],"curies":[{"name":"wp","href":"https:\/\/api.w.org\/{rel}","templated":true}]}}