{"id":4045,"date":"2018-10-08T12:35:44","date_gmt":"2018-10-08T12:35:44","guid":{"rendered":"http:\/\/business.one.peakteam.co\/?page_id=4045"},"modified":"2020-05-24T00:57:23","modified_gmt":"2020-05-23T22:57:23","slug":"terapias","status":"publish","type":"page","link":"https:\/\/rubencabeza.com\/en\/terapias\/","title":{"rendered":"Terapias"},"content":{"rendered":"<p>[vc_row][vc_column width=&#8221;1\/2&#8243; css=&#8221;.vc_custom_1585515885020{padding-top: 80px !important;padding-bottom: 80px !important;}&#8221;][vc_column_text]<strong>La enfermedad\u00a0es el intento del cuerpo por mantener, a toda costa, la supervivencia.<\/strong> Es necesario comprender que la enfermedad es algo bueno y que gracias a ella seguimos vivos; gracias a ella nos interesamos por cambiar y mejorar nuestra situaci\u00f3n.<\/p>\n<p>Tu cuerpo se comunica con tu mente por medio de los s\u00edntomas, de las sensaciones, sentimientos y estado de \u00e1nimo.\u00a0<em>Es el \u00fanico lenguaje que tiene tu organismo para decirte que algo va mal y hay que cambiarlo.<\/em><\/p>\n<p>Te beneficiar\u00e1s de la uni\u00f3n de diferentes terapias, como son la Osteopat\u00eda y la Biocu\u00e1tica Original. Cada una contribuye a mejorar diferentes aspectos de tu cuerpo, de tu organismo y de tu vida.<\/p>\n<p>Con la integraci\u00f3n de estas terapias podemos:<\/p>\n<ul>\n<li>Eliminar los microorganismos no arm\u00f3nicos con nosotros<\/li>\n<li>Las intolerancias y alergias<\/li>\n<li>Liberar a nuestros \u00f3rganos de las toxinas que impiden su correcto funcionamiento<\/li>\n<li>Equilibrar y aprender a desenvolvernos con nuestras emociones, pensamientos<\/li>\n<li>Bloqueos<\/li>\n<li>Adicciones<\/li>\n<li>Creatividad<\/li>\n<li>Mejorar la movilidad y funcionamiento de todos los \u00f3rganos, m\u00fasculos, articulaciones, flujo sangu\u00edneo y linf\u00e1tico, etc.<\/li>\n<\/ul>\n<p>Las terapias ser\u00e1n utilizadas en el momento adecuado seg\u00fan lo que sea prioritario tratar.[\/vc_column_text][\/vc_column][vc_column width=&#8221;1\/2&#8243;][vc_single_image image=&#8221;4412&#8243; img_size=&#8221;large&#8221; css=&#8221;.vc_custom_1590178769178{padding-top: 80px !important;padding-bottom: 80px !important;}&#8221;][vc_column_text css=&#8221;.vc_custom_1590180136458{padding-top: 15px !important;padding-bottom: 40px !important;}&#8221;]<strong>Si est\u00e1s recibiendo un tratamiento m\u00e9dico, colaboraremos con \u00e9l para que tengas mejores resultados.<\/strong> Y si observamos que es necesaria la ayuda de cualquier otro profesional sanitario, as\u00ed lo haremos.<\/p>\n<p>Puedes venir a la consulta siempre que quieras\u00a0mejorar tu salud cualquiera que sea la causa.<\/p>\n<blockquote><p><strong>Deja atr\u00e1s la resignaci\u00f3n y el pensamiento de que hay cosas que son as\u00ed para siempre. Un actitud positiva frente a la enfermedad es el comienzo para poder recuperar tu salud.<\/strong><\/p><\/blockquote>\n<p>Aqu\u00ed pod\u00e9is ampliar informaci\u00f3n sobre cada una de las terapias que utilizo en la consulta:[\/vc_column_text][\/vc_column][\/vc_row][vc_row enable_content_animation=&#8221;yes&#8221; ca_init_scale_x=&#8221;1&#8243; ca_init_scale_y=&#8221;1&#8243; ca_init_scale_z=&#8221;1&#8243; ca_init_opacity=&#8221;0&#8243; ca_an_scale_x=&#8221;1&#8243; ca_an_scale_y=&#8221;1&#8243; ca_an_scale_z=&#8221;1&#8243; ca_an_opacity=&#8221;1&#8243; css=&#8221;.vc_custom_1585005004230{margin-top: -90px !important;margin-bottom: 60px !important;padding-bottom: 50px !important;}&#8221; ca_duration=&#8221;1200&#8243; ca_delay=&#8221;150&#8243; ca_init_translate_y=&#8221;44&#8243;][vc_column width=&#8221;1\/2&#8243;]<style>.ld_flipbox_69f3bdcbe6516 .ld-flipbox-front{background-image:url(https:\/\/rubencabeza.com\/wp-content\/uploads\/2020\/03\/Captura-de-pantalla-2020-03-28-a-las-23.36.39.png);}.ld_flipbox_69f3bdcbe6516 .ld-flipbox-back{background-image:url(https:\/\/rubencabeza.com\/wp-content\/uploads\/2020\/05\/frase-en-verde-para-biocua\u0301ntica-web-nueva.jpg);}.ld_flipbox_69f3bdcbe6516 .ld-flipbox-back .ld-overlay{background:rgba(14, 48, 93, 0);}<\/style><div class=\"ld-flipbox ld-flipbox-tb round ld_flipbox_69f3bdcbe6516\" >\n\t<div class=\"ld-flipbox-wrap\" >\n\t\t<div id=\"ld_flipbox_section_69f3bdcbe5035\" class=\"ld-flipbox-face ld-flipbox-front\"><span class=\"ld-flipbox-overlay ld-overlay\"><\/span><div class=\"ld-flipbox-inner\"><div class=\"header-module\">\n\t<style>.ld_button_69f3bdcbe5ee8.btn-icon-solid .btn-icon{background:rgb(255, 255, 255);}.ld_button_69f3bdcbe5ee8.btn-icon-circle.btn-icon-ripple .btn-icon:before{border-color:rgb(255, 255, 255);}.ld_button_69f3bdcbe5ee8{background-color:rgb(255, 255, 255);border-color:rgb(255, 255, 255);color:rgb(5, 35, 75);font-size:15px !important;font-weight:600 !important;letter-spacing:0.025em !important;}.ld_button_69f3bdcbe5ee8 .btn-gradient-border defs stop:first-child{stop-color:rgb(255, 255, 255);}.ld_button_69f3bdcbe5ee8 .btn-gradient-border defs stop:last-child{stop-color:rgb(255, 255, 255);}<\/style><a href=\"https:\/\/rubencabeza.com\/terapias\/biocuantica\/\" title=\"Biocu\u00e1ntica\" class=\"btn btn-solid btn-sm semi-round btn-bordered border-thin ld_header_button_69f3bdcbe517d ld_button_69f3bdcbe5ee8\">\n\t<span>\n\t\t\n\t\t\t\t\t<span class=\"btn-txt\">Biocu\u00e1ntica Original<\/span>\n\t\t\t\n\t\t\t\t<\/span>\n<\/a>\n<\/div>\n<\/div><\/div><div id=\"ld_flipbox_section_69f3bdcbe60bb\" class=\"ld-flipbox-face ld-flipbox-back\"><span class=\"ld-flipbox-overlay ld-overlay\"><\/span><div class=\"ld-flipbox-inner\"><div class=\"header-module\">\n\t<style>.ld_button_69f3bdcbe6406.btn-icon-solid .btn-icon{background:rgb(255, 255, 255);}.ld_button_69f3bdcbe6406.btn-icon-circle.btn-icon-ripple .btn-icon:before{border-color:rgb(255, 255, 255);}.ld_button_69f3bdcbe6406{color:rgb(5, 35, 75);border-color:rgb(255, 255, 255);font-size:15px !important;font-weight:600 !important;letter-spacing:0.025em !important;}.ld_button_69f3bdcbe6406:hover{background-color:rgb(255, 255, 255);}<\/style><a href=\"https:\/\/rubencabeza.com\/terapias\/biocuantica\/\" title=\"Osteopat\u00eda\" class=\"btn btn-default btn-sm semi-round btn-bordered border-thin ld_header_button_69f3bdcbe6286 ld_button_69f3bdcbe6406\">\n\t<span>\n\t\t\n\t\t\t\t\t<span class=\"btn-txt\">+info<\/span>\n\t\t\t\n\t\t\t\t<\/span>\n<\/a>\n<\/div>\n<\/div><\/div>\t<\/div>\n<\/div>[\/vc_column][vc_column width=&#8221;1\/2&#8243;]<style>.ld_flipbox_69f3bdcbe7141 .ld-flipbox-front{background-image:url(https:\/\/rubencabeza.com\/wp-content\/uploads\/2020\/03\/Captura-de-pantalla-2020-03-28-a-las-23.36.34.png);}.ld_flipbox_69f3bdcbe7141 .ld-flipbox-back{background-image:url(https:\/\/rubencabeza.com\/wp-content\/uploads\/2020\/03\/Captura-de-pantalla-2020-03-21-a-las-23.56.11.png);}.ld_flipbox_69f3bdcbe7141 .ld-flipbox-back .ld-overlay{background:rgba(14, 48, 93, 0);}<\/style><div class=\"ld-flipbox ld-flipbox-tb round ld_flipbox_69f3bdcbe7141\" >\n\t<div class=\"ld-flipbox-wrap\" >\n\t\t<div id=\"ld_flipbox_section_69f3bdcbe6893\" class=\"ld-flipbox-face ld-flipbox-front\"><span class=\"ld-flipbox-overlay ld-overlay\"><\/span><div class=\"ld-flipbox-inner\"><div class=\"header-module\">\n\t<style>.ld_button_69f3bdcbe6b89.btn-icon-solid .btn-icon{background:rgb(255, 255, 255);}.ld_button_69f3bdcbe6b89.btn-icon-circle.btn-icon-ripple .btn-icon:before{border-color:rgb(255, 255, 255);}.ld_button_69f3bdcbe6b89{background-color:rgb(255, 255, 255);border-color:rgb(255, 255, 255);color:rgb(5, 35, 75);font-size:15px !important;font-weight:600 !important;letter-spacing:0.025em !important;}.ld_button_69f3bdcbe6b89 .btn-gradient-border defs stop:first-child{stop-color:rgb(255, 255, 255);}.ld_button_69f3bdcbe6b89 .btn-gradient-border defs stop:last-child{stop-color:rgb(255, 255, 255);}<\/style><a href=\"https:\/\/rubencabeza.com\/terapias\/osteopatia\/\" title=\"Osteopat\u00eda\" class=\"btn btn-solid btn-sm semi-round btn-bordered border-thin ld_header_button_69f3bdcbe69f4 ld_button_69f3bdcbe6b89\">\n\t<span>\n\t\t\n\t\t\t\t\t<span class=\"btn-txt\">OSTEOPAT\u00cdA<\/span>\n\t\t\t\n\t\t\t\t<\/span>\n<\/a>\n<\/div>\n<\/div><\/div><div id=\"ld_flipbox_section_69f3bdcbe6c92\" class=\"ld-flipbox-face ld-flipbox-back\"><span class=\"ld-flipbox-overlay ld-overlay\"><\/span><div class=\"ld-flipbox-inner\"><div class=\"header-module\">\n\t<style>.ld_button_69f3bdcbe6fee.btn-icon-solid .btn-icon{background:rgb(255, 255, 255);}.ld_button_69f3bdcbe6fee.btn-icon-circle.btn-icon-ripple .btn-icon:before{border-color:rgb(255, 255, 255);}.ld_button_69f3bdcbe6fee.btn-icon-solid:hover .btn-icon{background:rgb(255, 255, 255);}.ld_button_69f3bdcbe6fee{color:rgb(255, 255, 255);border-color:rgb(255, 255, 255);font-size:13px !important;font-weight:700 !important;letter-spacing:0.2em !important;}.ld_button_69f3bdcbe6fee:hover{background-color:rgb(255, 255, 255);border-color:rgb(255, 255, 255);}.ld_button_69f3bdcbe6fee .btn-gradient-bg-hover{background:-webkit-linear-gradient(to right, rgb(255, 255, 255) 0%, rgb(255, 255, 255) 100%);background:linear-gradient(to right, rgb(255, 255, 255) 0%, rgb(255, 255, 255) 100%);}.ld_button_69f3bdcbe6fee:hover .btn-gradient-border defs stop:first-child{stop-color:rgb(255, 255, 255);}.ld_button_69f3bdcbe6fee:hover .btn-gradient-border defs stop:last-child{stop-color:rgb(255, 255, 255);}<\/style><a href=\"http:\/\/estarsanomolamuchomas.com\/terapias\/osteopatia\/\" title=\"Osteopat\u00eda\" class=\"btn btn-default text-uppercase btn-bordered border-thin ld_header_button_69f3bdcbe6e69 ld_button_69f3bdcbe6fee\">\n\t<span>\n\t\t\n\t\t\t\t\t<span class=\"btn-txt\">+ info<\/span>\n\t\t\t\n\t\t\t\t<\/span>\n<\/a>\n<\/div>\n<\/div><\/div>\t<\/div>\n<\/div>[\/vc_column][\/vc_row][vc_row][vc_column][vc_single_image image=&#8221;5067&#8243; img_size=&#8221;full&#8221;][\/vc_column][\/vc_row]<\/p>\n","protected":false},"excerpt":{"rendered":"<p>[vc_row][vc_column width=&#8221;1\/2&#8243; css=&#8221;.vc_custom_1585515885020{padding-top: 80px !important;padding-bottom: 80px !important;}&#8221;][vc_column_text]La enfermedad\u00a0es el intento del cuerpo por mantener, a toda costa, la supervivencia. Es necesario comprender que la enfermedad es algo bueno y que gracias a ella seguimos vivos; gracias a ella nos interesamos por cambiar y mejorar nuestra situaci\u00f3n. Tu cuerpo se comunica con tu mente por medio [&hellip;]<\/p>\n","protected":false},"author":1,"featured_media":0,"parent":0,"menu_order":0,"comment_status":"closed","ping_status":"closed","template":"","meta":[],"_links":{"self":[{"href":"https:\/\/rubencabeza.com\/en\/wp-json\/wp\/v2\/pages\/4045"}],"collection":[{"href":"https:\/\/rubencabeza.com\/en\/wp-json\/wp\/v2\/pages"}],"about":[{"href":"https:\/\/rubencabeza.com\/en\/wp-json\/wp\/v2\/types\/page"}],"author":[{"embeddable":true,"href":"https:\/\/rubencabeza.com\/en\/wp-json\/wp\/v2\/users\/1"}],"replies":[{"embeddable":true,"href":"https:\/\/rubencabeza.com\/en\/wp-json\/wp\/v2\/comments?post=4045"}],"version-history":[{"count":25,"href":"https:\/\/rubencabeza.com\/en\/wp-json\/wp\/v2\/pages\/4045\/revisions"}],"predecessor-version":[{"id":5070,"href":"https:\/\/rubencabeza.com\/en\/wp-json\/wp\/v2\/pages\/4045\/revisions\/5070"}],"wp:attachment":[{"href":"https:\/\/rubencabeza.com\/en\/wp-json\/wp\/v2\/media?parent=4045"}],"curies":[{"name":"wp","href":"https:\/\/api.w.org\/{rel}","templated":true}]}}