{"id":3894,"date":"2018-09-10T17:53:38","date_gmt":"2018-09-10T15:53:38","guid":{"rendered":"http:\/\/business.one.peakteam.co\/?page_id=3894"},"modified":"2020-05-22T00:03:17","modified_gmt":"2020-05-21T22:03:17","slug":"osteopatia","status":"publish","type":"page","link":"https:\/\/rubencabeza.com\/en\/terapias\/osteopatia\/","title":{"rendered":"Osteopat\u00eda"},"content":{"rendered":"<p>[vc_row css=&#8221;.vc_custom_1584878811485{padding-top: 80px !important;padding-bottom: 80px !important;}&#8221;][vc_column width=&#8221;1\/2&#8243;][vc_column_text]<strong>La osteopat\u00eda est\u00e1 regulada en muchos pa\u00edses de la Uni\u00f3n Europea y catalogada por la Organizaci\u00f3n Mundial de la Salud como una medicina no convencional.<\/strong> Es una profesi\u00f3n en s\u00ed misma y no una especializaci\u00f3n de otra.<\/p>\n<p>La osteopat\u00eda considera la parte f\u00edsica y qu\u00edmica del cuerpo humano en su globalidad.<\/p>\n<p>En la consulta la experiencia muestra que es m\u00e1s efectivo y se obtiene un mayor beneficio de la osteopat\u00eda si se emplea dentro de una estrategia global de la salud de la persona.<\/p>\n<p>Habitualmente se tiene la creencia de que lo m\u00e1s recomendable para un problema en articulaciones, ligamentos, m\u00fasculos, etc. es actuar directamente sobre dichas estructuras, pero se debe tener presente que el ser humano no est\u00e1 formado por partes separadas (cuerpo, mente, emociones&#8230;) y que dolencias en esas zonas pueden deberse a otras causas que necesitar\u00e1n abordarse en primer lugar. De lo contrario, es posible que el problema vuelva reiterativamente o no se avance en las mejoras como se necesita.<\/p>\n<p>Por ello, lo correcto es que se emplee este enfoque terap\u00e9utico en el orden en que lo necesite la persona en lugar de seg\u00fan parezca que deber\u00eda ser.<\/p>\n<p><strong>EL DIAGN\u00d3STICO OSTEOP\u00c1TICO<\/strong><\/p>\n<p>El diagn\u00f3stico osteop\u00e1tico eval\u00faa el funcionamiento del cuerpo humano valorando si son correctas o no la movilidad, postura, tensi\u00f3n, etc. de las estructuras que lo forman (huesos, m\u00fasculos, articulaciones, nervios, \u00f3rganos, circulaci\u00f3n, etc.) \u00bfPor qu\u00e9? Pues porque una alteraci\u00f3n en la movilidad de cualquier parte del cuerpo se trasmite a todo el organismo, afectando a toda la persona.<\/p>\n<p>Uno de los principios de la osteopat\u00eda es la relaci\u00f3n entre la estructura y la funci\u00f3n de una zona. \u00bfQu\u00e9 significa esto? Que si una zona se mueve de una determinada manera, funcionar\u00e1 de acuerdo a c\u00f3mo se lo permita dicha movilidad: si se mueve bien, funcionar\u00e1 bien y, si se mueve mal, funcionar\u00e1 mal.[\/vc_column_text]<style>.ld_spacer_69ded0a77179e{height:32px;}<\/style>\n<div class=\"ld-empty-space ld_spacer_69ded0a77179e\"><span class=\"liquid_empty_space_inner\"><\/span><\/div>[\/vc_column][vc_column width=&#8221;1\/2&#8243;][vc_column_text]<strong>EL TRATAMIENTO OSTEOP\u00c1TICO<\/strong><\/p>\n<p>Una vez realizado un diagn\u00f3stico osteop\u00e1tico preciso, el tratamiento osteop\u00e1tico establece una estrategia que restablezca el movimiento correcto de las zonas afectadas relacionadas con las dolencias del paciente. \u00c9stas, lo cual sucede muy a menudo, puede que est\u00e9n alejadas de donde parece que est\u00e1 el problema.<\/p>\n<p>La osteopat\u00eda dispone de gran cantidad de t\u00e9cnicas manuales que son aplicadas sobre los huesos, las articulaciones, los m\u00fasculos, las fascias y las v\u00edsceras. As\u00ed, el tratamiento repercutir\u00e1 sobre dichas estructuras, pero tambi\u00e9n sobre la circulaci\u00f3n de la sangre y dem\u00e1s fluidos corporales, las secreciones hormonales y el funcionamiento de cada c\u00e9lula.<\/p>\n<p>Tras el tratamiento osteop\u00e1tico se ofrecen recomendaciones nutricionales, posturales, de ejercicio f\u00edsico y estilo de vida espec\u00edficas para completar la terapia y que la persona recupere antes su salud y la mantenga.<\/p>\n<p>Es posible escuchar que la pr\u00e1ctica de la osteopat\u00eda se divide en tres modalidades: estructural o parietal, visceral y cr\u00e1neo-sacra. No existe tal divisi\u00f3n, no hay tres tipos de osteopat\u00eda. Lo correcto es puntualizar que existen t\u00e9cnicas que se adaptan m\u00e1s a determinadas estructuras. Claro est\u00e1, puede haber profesionales que se especialicen m\u00e1s en uno de estos enfoques, pero en realidad se trata de la misma disciplina, y son necesarias todas las t\u00e9cnicas para elaborar un tratamiento osteop\u00e1tico eficaz.<\/p>\n<p>Cuando es necesario el empleo de la osteopat\u00eda en la consulta, el TGO (Tratamiento General Osteop\u00e1tico, que en ingl\u00e9s se conoce como General Osteopathic Treatment o Body Adjust), ocupa un papel preponderante aunque no exclusivo. Es considerada la t\u00e9cnica primigenia que utilizaban los primeros oste\u00f3patas y en ella se chequean y movilizan todas las articulaciones del cuerpo con ritmos suaves adaptados a cada una de ellas. Ello facilita una mayor integraci\u00f3n entre todas las partes del cuerpo, proporciona una sensaci\u00f3n muy agradable y tambi\u00e9n se puede utilizar sin ning\u00fan riesgo en personas de todas las edades y en cualquier condici\u00f3n de salud.[\/vc_column_text][\/vc_column][\/vc_row][vc_row][vc_column][vc_single_image image=&#8221;4189&#8243; img_size=&#8221;full&#8221;][\/vc_column][\/vc_row]<\/p>\n","protected":false},"excerpt":{"rendered":"<p>[vc_row css=&#8221;.vc_custom_1584878811485{padding-top: 80px !important;padding-bottom: 80px !important;}&#8221;][vc_column width=&#8221;1\/2&#8243;][vc_column_text]La osteopat\u00eda est\u00e1 regulada en muchos pa\u00edses de la Uni\u00f3n Europea y catalogada por la Organizaci\u00f3n Mundial de la Salud como una medicina no convencional. Es una profesi\u00f3n en s\u00ed misma y no una especializaci\u00f3n de otra. La osteopat\u00eda considera la parte f\u00edsica y qu\u00edmica del cuerpo humano en [&hellip;]<\/p>\n","protected":false},"author":1,"featured_media":0,"parent":4045,"menu_order":0,"comment_status":"closed","ping_status":"closed","template":"","meta":[],"_links":{"self":[{"href":"https:\/\/rubencabeza.com\/en\/wp-json\/wp\/v2\/pages\/3894"}],"collection":[{"href":"https:\/\/rubencabeza.com\/en\/wp-json\/wp\/v2\/pages"}],"about":[{"href":"https:\/\/rubencabeza.com\/en\/wp-json\/wp\/v2\/types\/page"}],"author":[{"embeddable":true,"href":"https:\/\/rubencabeza.com\/en\/wp-json\/wp\/v2\/users\/1"}],"replies":[{"embeddable":true,"href":"https:\/\/rubencabeza.com\/en\/wp-json\/wp\/v2\/comments?post=3894"}],"version-history":[{"count":14,"href":"https:\/\/rubencabeza.com\/en\/wp-json\/wp\/v2\/pages\/3894\/revisions"}],"predecessor-version":[{"id":4745,"href":"https:\/\/rubencabeza.com\/en\/wp-json\/wp\/v2\/pages\/3894\/revisions\/4745"}],"up":[{"embeddable":true,"href":"https:\/\/rubencabeza.com\/en\/wp-json\/wp\/v2\/pages\/4045"}],"wp:attachment":[{"href":"https:\/\/rubencabeza.com\/en\/wp-json\/wp\/v2\/media?parent=3894"}],"curies":[{"name":"wp","href":"https:\/\/api.w.org\/{rel}","templated":true}]}}